{"id":102,"date":"2020-08-17T11:34:23","date_gmt":"2020-08-17T14:34:23","guid":{"rendered":"http:\/\/www.cemeai.icmc.usp.br\/4EABDA\/?page_id=102"},"modified":"2021-10-06T09:25:47","modified_gmt":"2021-10-06T12:25:47","slug":"curso-1","status":"publish","type":"page","link":"https:\/\/cemeai.icmc.usp.br\/5EABDA\/curso-1\/","title":{"rendered":"Curso I"},"content":{"rendered":"\t\t<div data-elementor-type=\"wp-page\" data-elementor-id=\"102\" class=\"elementor elementor-102\" data-elementor-settings=\"[]\">\n\t\t\t\t\t\t\t<div class=\"elementor-section-wrap\">\n\t\t\t\t\t\t\t<section class=\"elementor-section elementor-top-section elementor-element elementor-element-3ed9e55 elementor-section-full_width elementor-hidden-phone elementor-section-height-default elementor-section-height-default\" data-id=\"3ed9e55\" data-element_type=\"section\">\n\t\t\t\t\t\t<div class=\"elementor-container elementor-column-gap-no\">\n\t\t\t\t\t<div class=\"elementor-column elementor-col-100 elementor-top-column elementor-element elementor-element-eb25f85\" data-id=\"eb25f85\" data-element_type=\"column\">\n\t\t\t<div class=\"elementor-widget-wrap elementor-element-populated\">\n\t\t\t\t\t\t\t\t<div class=\"elementor-element elementor-element-79e06dc elementor-widget elementor-widget-edu-featured-slider\" data-id=\"79e06dc\" data-element_type=\"widget\" data-widget_type=\"edu-featured-slider.default\">\n\t\t\t\t<div class=\"elementor-widget-container\">\n\t\t\t\r\n        <div class=\"feature-slides-wrapper feature-slick-slider\" >\r\n            <div class=\"feature-slider slider-69db3cc021e18\" data-animation=\"up\">\r\n\t\t\t\t<div class=\"elementor-repeater-item-b159737 slick-slide\"><div class=\"feature-slide-bg\"><\/div><div  class=\"feature-slide-inner\"><div class=\"feature-slide-content animated fadeInUp\"><h2 class=\"feature-slide-heading\">Curso I<\/h2><p class=\"feature-slide-description\">Ger\u00eancia de Dados Complexos em Larga Escala<\/p><\/div><\/div><\/div>            <\/div>\r\n        <\/div>\r\n        <script type=\"text\/javascript\">\r\n            (function($) {\r\n                \"use strict\";\r\n \u00a0 \u00a0 \u00a0 \u00a0 \u00a0 \u00a0 \u00a0 \u00a0$('.slider-69db3cc021e18').slick({    \r\n                          \r\n                                    });\r\n            })(jQuery);\r\n        <\/script>\r\n\t\t\t\t<\/div>\n\t\t\t\t<\/div>\n\t\t\t\t<div class=\"elementor-element elementor-element-150722e elementor-widget-divider--view-line elementor-widget elementor-widget-divider\" data-id=\"150722e\" data-element_type=\"widget\" data-widget_type=\"divider.default\">\n\t\t\t\t<div class=\"elementor-widget-container\">\n\t\t\t\t\t<div class=\"elementor-divider\">\n\t\t\t<span class=\"elementor-divider-separator\">\n\t\t\t\t\t\t<\/span>\n\t\t<\/div>\n\t\t\t\t<\/div>\n\t\t\t\t<\/div>\n\t\t\t\t\t<\/div>\n\t\t<\/div>\n\t\t\t\t\t\t\t<\/div>\n\t\t<\/section>\n\t\t\t\t<section class=\"elementor-section elementor-top-section elementor-element elementor-element-d413fe1 elementor-section-full_width elementor-hidden-desktop elementor-hidden-tablet elementor-section-height-default elementor-section-height-default\" data-id=\"d413fe1\" data-element_type=\"section\">\n\t\t\t\t\t\t<div class=\"elementor-container elementor-column-gap-no\">\n\t\t\t\t\t<div class=\"elementor-column elementor-col-100 elementor-top-column elementor-element elementor-element-0f77681\" data-id=\"0f77681\" data-element_type=\"column\">\n\t\t\t<div class=\"elementor-widget-wrap elementor-element-populated\">\n\t\t\t\t\t\t\t\t<div class=\"elementor-element elementor-element-b8d828c elementor-widget elementor-widget-edu-featured-slider\" data-id=\"b8d828c\" data-element_type=\"widget\" data-widget_type=\"edu-featured-slider.default\">\n\t\t\t\t<div class=\"elementor-widget-container\">\n\t\t\t\r\n        <div class=\"feature-slides-wrapper feature-slick-slider\" >\r\n            <div class=\"feature-slider slider-69db3cc024ed8\" data-animation=\"up\">\r\n\t\t\t\t<div class=\"elementor-repeater-item-b159737 slick-slide\"><div class=\"feature-slide-bg\"><\/div><div  class=\"feature-slide-inner\"><div class=\"feature-slide-content animated fadeInUp\"><h2 class=\"feature-slide-heading\">Curso I<\/h2><p class=\"feature-slide-description\">Ger\u00eancia de Dados Complexos em Larga Escala<\/p><\/div><\/div><\/div>            <\/div>\r\n        <\/div>\r\n        <script type=\"text\/javascript\">\r\n            (function($) {\r\n                \"use strict\";\r\n \u00a0 \u00a0 \u00a0 \u00a0 \u00a0 \u00a0 \u00a0 \u00a0$('.slider-69db3cc024ed8').slick({    \r\n                          \r\n                                    });\r\n            })(jQuery);\r\n        <\/script>\r\n\t\t\t\t<\/div>\n\t\t\t\t<\/div>\n\t\t\t\t<div class=\"elementor-element elementor-element-5e3b8e9 elementor-widget-divider--view-line elementor-widget elementor-widget-divider\" data-id=\"5e3b8e9\" data-element_type=\"widget\" data-widget_type=\"divider.default\">\n\t\t\t\t<div class=\"elementor-widget-container\">\n\t\t\t\t\t<div class=\"elementor-divider\">\n\t\t\t<span class=\"elementor-divider-separator\">\n\t\t\t\t\t\t<\/span>\n\t\t<\/div>\n\t\t\t\t<\/div>\n\t\t\t\t<\/div>\n\t\t\t\t\t<\/div>\n\t\t<\/div>\n\t\t\t\t\t\t\t<\/div>\n\t\t<\/section>\n\t\t\t\t<section class=\"elementor-section elementor-top-section elementor-element elementor-element-332ae7ca elementor-section-boxed elementor-section-height-default elementor-section-height-default\" data-id=\"332ae7ca\" data-element_type=\"section\">\n\t\t\t\t\t\t<div class=\"elementor-container elementor-column-gap-default\">\n\t\t\t\t\t<div class=\"elementor-column elementor-col-100 elementor-top-column elementor-element elementor-element-23c2b954\" data-id=\"23c2b954\" data-element_type=\"column\">\n\t\t\t<div class=\"elementor-widget-wrap elementor-element-populated\">\n\t\t\t\t\t\t\t\t<div class=\"elementor-element elementor-element-1c26bb50 elementor-widget elementor-widget-text-editor\" data-id=\"1c26bb50\" data-element_type=\"widget\" data-widget_type=\"text-editor.default\">\n\t\t\t\t<div class=\"elementor-widget-container\">\n\t\t\t\t\t\t\t<p><!-- wp:shortcode --><\/p>\n<p><strong>Ministrante:<\/strong> <span style=\"font-weight: 400;\">Fabricio Todeschini<\/span><\/p>\n<p><strong>Resumo:<\/strong> <span style=\"font-weight: 400;\">Diversas aplica\u00e7\u00f5es comerciais atuais necessitam gerenciar conjuntos de dados n\u00e3o compat\u00edveis com os sistemas banco de dados relacionais dispon\u00edveis no mercado. Comumente, isso se deve \u00e0 complexidade dos dados, e.g., grandes grafos, impress\u00f5es digitais, imagens e \u00e1udio, ao intuito limitado de uso anal\u00edtico, ou at\u00e9 mesmo \u00e0 necessidade de processamento massivo dos dados em grandes \u201cclusters\u201d de computadores formados por computadores pessoais comuns. Este curso visa introduzir os principais conceitos, t\u00e9cnicas e ferramentas de ger\u00eancia de dados em larga escala, voltado principalmente a aplica\u00e7\u00f5es comerciais com necessidades n\u00e3o atendidas por sistemas de banco de dados relacionais dispon\u00edveis no mercado.<\/span><\/p>\n<p><strong>Conte\u00fado:<\/strong> <span style=\"font-weight: 400;\">NoSQL e Consist\u00eancia de Dados; Dados em Larga Escala e Computa\u00e7\u00e3o em Nuvem; O Modelo de Programa\u00e7\u00e3o MapReduce.<\/span><\/p>\n<p><strong>Refer\u00eancias:<\/strong><\/p>\n<p><span style=\"font-weight: 400;\">Joe Celko. Complete Guide to NoSQL: What Every SQL Professional Needs to Know about Non-relational Databases, Elsevier, 2014.<\/span><\/p>\n<p><span style=\"font-weight: 400;\">Eric Redmond and Jim R. Wilson. Seven Databases in Seven Weeks: A Guide to Modern Databases and the NoSQL Movement, Pragmatic Bookshelf, 2012.<\/span><\/p>\n<p><span style=\"font-weight: 400;\">Pramod J. Sadalage and Martin Fowler. NoSQL Distilled: A Brief Guide to the Emerging World of Polyglot Persistence, Addison-Wesley Professional, 2012.<\/span><\/p>\n<p><span style=\"font-weight: 400;\">Shashank Tiwari. Professional NoSQL, Wrox, 2011.<\/span><\/p>\n<p><span style=\"font-weight: 400;\">Gaurav Vaish. Getting Started with NoSQL, Packt Publishing, 2013.<\/span><\/p>\n<p><span style=\"font-weight: 400;\">John Sharp, Douglas McMurtry, Andrew Oakley, Mani Subramanian, Hanzhong Zhang. Data Access for Highly-Scalable Solutions: Using SQL, NoSQL, and Polyglot Persistence, Microsoft patterns &amp; practices, 2013.<\/span><\/p>\n<p><strong>Mini CV:<\/strong><\/p>\n<p>Engenheiro de Dados com mais de 10 anos de experi\u00eancia em an\u00e1lise, arquitetura e implementa\u00e7\u00e3o de projetos com tecnologias ditas \u201cBig Data\u201d, utilizando principalmente ferramentas como Hadoop, Spark, Kafka e seus ecossistemas.<\/p>\n<p>Formado em Ci\u00eancia da Computa\u00e7\u00e3o pela PUCRS, com experi\u00eancia em ensino e forma\u00e7\u00e3o de pessoas nas tecnologias para gest\u00e3o de dados em larga escala. Atualmente estudando e se aprimorando em Machine Learning, e processamento de dados em fluxo cont\u00ednuo (streaming).<\/p>\n<p>Hoje atuando como L\u00edder da Engenharia de Dados na empresa Bling, sendo respons\u00e1vel pela defini\u00e7\u00e3o e constru\u00e7\u00e3o da nova arquitetura de dados. <\/p>\n<p><!-- \/wp:shortcode --><\/p>\t\t\t\t\t\t<\/div>\n\t\t\t\t<\/div>\n\t\t\t\t\t<\/div>\n\t\t<\/div>\n\t\t\t\t\t\t\t<\/div>\n\t\t<\/section>\n\t\t\t\t\t\t<\/div>\n\t\t\t\t\t<\/div>\n\t\t","protected":false},"excerpt":{"rendered":"<p>Curso I Ger\u00eancia de Dados Complexos em Larga Escala Curso I Ger\u00eancia de Dados Complexos em Larga Escala<\/p>\n","protected":false},"author":1,"featured_media":0,"parent":0,"menu_order":0,"comment_status":"closed","ping_status":"closed","template":"elementor_header_footer","meta":{"footnotes":""},"class_list":["post-102","page","type-page","status-publish","hentry"],"_links":{"self":[{"href":"https:\/\/cemeai.icmc.usp.br\/5EABDA\/wp-json\/wp\/v2\/pages\/102","targetHints":{"allow":["GET"]}}],"collection":[{"href":"https:\/\/cemeai.icmc.usp.br\/5EABDA\/wp-json\/wp\/v2\/pages"}],"about":[{"href":"https:\/\/cemeai.icmc.usp.br\/5EABDA\/wp-json\/wp\/v2\/types\/page"}],"author":[{"embeddable":true,"href":"https:\/\/cemeai.icmc.usp.br\/5EABDA\/wp-json\/wp\/v2\/users\/1"}],"replies":[{"embeddable":true,"href":"https:\/\/cemeai.icmc.usp.br\/5EABDA\/wp-json\/wp\/v2\/comments?post=102"}],"version-history":[{"count":15,"href":"https:\/\/cemeai.icmc.usp.br\/5EABDA\/wp-json\/wp\/v2\/pages\/102\/revisions"}],"predecessor-version":[{"id":388,"href":"https:\/\/cemeai.icmc.usp.br\/5EABDA\/wp-json\/wp\/v2\/pages\/102\/revisions\/388"}],"wp:attachment":[{"href":"https:\/\/cemeai.icmc.usp.br\/5EABDA\/wp-json\/wp\/v2\/media?parent=102"}],"curies":[{"name":"wp","href":"https:\/\/api.w.org\/{rel}","templated":true}]}}