{"id":306,"date":"2024-10-07T10:45:56","date_gmt":"2024-10-07T13:45:56","guid":{"rendered":"https:\/\/cemeai.icmc.usp.br\/CDII\/?page_id=306"},"modified":"2024-10-10T19:27:03","modified_gmt":"2024-10-10T22:27:03","slug":"institucional","status":"publish","type":"page","link":"https:\/\/cemeai.icmc.usp.br\/CDII\/institucional\/","title":{"rendered":"Institucional"},"content":{"rendered":"\t\t<div data-elementor-type=\"wp-page\" data-elementor-id=\"306\" class=\"elementor elementor-306\" data-elementor-post-type=\"page\">\n\t\t\t\t<div class=\"elementor-element elementor-element-1739527 e-flex e-con-boxed e-con e-parent\" data-id=\"1739527\" data-element_type=\"container\" data-settings=\"{&quot;background_background&quot;:&quot;classic&quot;}\">\n\t\t\t\t\t<div class=\"e-con-inner\">\n\t\t\t\t\t<\/div>\n\t\t\t\t<\/div>\n\t\t<div class=\"elementor-element elementor-element-8591623 e-flex e-con-boxed e-con e-parent\" data-id=\"8591623\" data-element_type=\"container\">\n\t\t\t\t\t<div class=\"e-con-inner\">\n\t\t\t\t<div class=\"elementor-element elementor-element-c90feac elementor-widget elementor-widget-heading\" data-id=\"c90feac\" data-element_type=\"widget\" data-widget_type=\"heading.default\">\n\t\t\t\t<div class=\"elementor-widget-container\">\n\t\t\t\t\t<h2 class=\"elementor-heading-title elementor-size-default\">Institucional<\/h2>\t\t\t\t<\/div>\n\t\t\t\t<\/div>\n\t\t\t\t<div class=\"elementor-element elementor-element-32b36b4 elementor-widget elementor-widget-text-editor\" data-id=\"32b36b4\" data-element_type=\"widget\" data-widget_type=\"text-editor.default\">\n\t\t\t\t<div class=\"elementor-widget-container\">\n\t\t\t\t\t\t\t\t\t<p>O <b>Centro de Pesquisa Aplicada em Ci\u00eancia de Dados para a Ind\u00fastria Inteligente (CPA-CDII)<\/b> \u00e9 uma iniciativa da <a href=\"http:\/\/fapesp.br\" target=\"_blank\" rel=\"noopener\"><b>Funda\u00e7\u00e3o de Amparo \u00e0 Pesquisa do Estado de S\u00e3o Paulo (FAPESP)<\/b><\/a>, do <a href=\"https:\/\/www.sp.senai.br\/\" target=\"_blank\" rel=\"noopener\"><b>Servi\u00e7o Nacional de Aprendizagem Industrial de S\u00e3o Paulo (SENAI-SP)<\/b><\/a>, da <a href=\"http:\/\/usp.br\" target=\"_blank\" rel=\"noopener\"><b>Universidade de S\u00e3o Paulo (USP)<\/b><\/a>, da <a href=\"https:\/\/unicamp.br\/\" target=\"_blank\" rel=\"noopener\"><b>Universidade Estadual de Campinas (UNICAMP)<\/b><\/a>, da <a href=\"https:\/\/www.unesp.br\/\" target=\"_blank\" rel=\"noopener\"><b>Universidade Estadual Paulista (UNESP)<\/b><\/a> e do <a href=\"https:\/\/advancedinstitute.ai\/\" target=\"_blank\" rel=\"noopener\"><b>Advanced Institute for Artificial Intelligence (AI2)<\/b><\/a>, constitu\u00eddo com a miss\u00e3o essencial de promover a UNI\u00c3O DE COMPET\u00caNCIAS ACAD\u00caMICAS para AJUDAR a IND\u00daSTRIA INTELIGENTE a SOLUCIONAR SEUS DESAFIOS TECNOL\u00d3GICOS e AUMENTAR sua COMPETITIVIDADE LOCAL, REGIONAL e GLOBAL.<\/p><p>Trata-se de um projeto de 5 (cinco) anos para desenvolver uma efetiva <b>COOPERA\u00c7\u00c3O <\/b>entre a <b>UNIVERSIDADE e a IND\u00daSTRIA<\/b>, o qual est\u00e1 direcionado \u00e0 <b>IND\u00daSTRIA PAULISTA DIGITALIZADA<\/b>.<\/p><p>Seu efetivo diferencial \u00e9 a <b>INCORPORA\u00c7\u00c3O da CI\u00caNCIA de DADOS e da INTELIG\u00caNCIA ARTIFICIAL<\/b> nos processos associados \u00e0 busca de solu\u00e7\u00f5es para os desafios tecnol\u00f3gicos e seus decorrentes novos desenvolvimentos.<br \/>A Governan\u00e7a do CPA-CDII \u00e9 feita pela seguinte equipe:<\/p><p>Coordenador: <b>Jos\u00e9 Alberto Cuminato<\/b>\u00a0&#8211; ICMC-USP<br \/>Vice Coordenador: <b>Alexandre Xavier Falc\u00e3o <\/b>&#8211;<b>\u00a0<\/b>IC-Unicamp<br \/>Gestor Executivo: <b>Gustavo Blengini\u00a0Faria<\/b>\u00a0&#8211; ICMC-USP<br \/>Coordenador de Transfer\u00eancia de Tecnologia: <b>Oswaldo Massambani<\/b> &#8211; SENAI-SP<br \/>Gestor de Transfer\u00eancia de Tecnologia: <b>Luiz Gustavo Nonato<\/b>\u00a0&#8211; ICMC-USP<br \/>Coordenador de Educa\u00e7\u00e3o e Difus\u00e3o do Conhecimento: <b>S\u00e9rgio Ferraz Novaes<\/b> &#8211; AI2<br \/>Gestor de Educa\u00e7\u00e3o e Divulga\u00e7\u00e3o: <b>Maria Fernanda Marreta<\/b>\u00a0&#8211; ICMC-USP<br \/>Rela\u00e7\u00f5es com empresas: <b>Daniel da Silva Motta<\/b> &#8211; SENAI-SP<\/p><p>Conselho Consultivo Internacional (CCI):<br \/>Wil Schilders &#8211; TU Eindhoven &#8211; The Netherlands<br \/>Geraldo Silva &#8211; Unesp &#8211; SJRP<br \/>Eunezio A. Thoroh de Souza &#8211; Universidade Presbiteriana Mackenzie<\/p>\t\t\t\t\t\t\t\t<\/div>\n\t\t\t\t<\/div>\n\t\t\t\t\t<\/div>\n\t\t\t\t<\/div>\n\t\t\t\t<\/div>\n\t\t","protected":false},"excerpt":{"rendered":"<p>Institucional O Centro de Pesquisa Aplicada em Ci\u00eancia de Dados para a Ind\u00fastria Inteligente (CPA-CDII) \u00e9 uma iniciativa da Funda\u00e7\u00e3o de Amparo \u00e0 Pesquisa do Estado de S\u00e3o Paulo (FAPESP), do Servi\u00e7o Nacional de Aprendizagem Industrial de S\u00e3o Paulo (SENAI-SP), da Universidade de S\u00e3o Paulo (USP), da Universidade Estadual de Campinas (UNICAMP), da Universidade Estadual [&hellip;]<\/p>\n","protected":false},"author":1,"featured_media":0,"parent":0,"menu_order":0,"comment_status":"closed","ping_status":"closed","template":"","meta":{"footnotes":""},"class_list":["post-306","page","type-page","status-publish","hentry"],"_links":{"self":[{"href":"https:\/\/cemeai.icmc.usp.br\/CDII\/wp-json\/wp\/v2\/pages\/306","targetHints":{"allow":["GET"]}}],"collection":[{"href":"https:\/\/cemeai.icmc.usp.br\/CDII\/wp-json\/wp\/v2\/pages"}],"about":[{"href":"https:\/\/cemeai.icmc.usp.br\/CDII\/wp-json\/wp\/v2\/types\/page"}],"author":[{"embeddable":true,"href":"https:\/\/cemeai.icmc.usp.br\/CDII\/wp-json\/wp\/v2\/users\/1"}],"replies":[{"embeddable":true,"href":"https:\/\/cemeai.icmc.usp.br\/CDII\/wp-json\/wp\/v2\/comments?post=306"}],"version-history":[{"count":40,"href":"https:\/\/cemeai.icmc.usp.br\/CDII\/wp-json\/wp\/v2\/pages\/306\/revisions"}],"predecessor-version":[{"id":921,"href":"https:\/\/cemeai.icmc.usp.br\/CDII\/wp-json\/wp\/v2\/pages\/306\/revisions\/921"}],"wp:attachment":[{"href":"https:\/\/cemeai.icmc.usp.br\/CDII\/wp-json\/wp\/v2\/media?parent=306"}],"curies":[{"name":"wp","href":"https:\/\/api.w.org\/{rel}","templated":true}]}}