{"id":356,"date":"2024-10-07T11:53:48","date_gmt":"2024-10-07T14:53:48","guid":{"rendered":"https:\/\/cemeai.icmc.usp.br\/CDII\/?page_id=356"},"modified":"2024-10-10T10:52:53","modified_gmt":"2024-10-10T13:52:53","slug":"capacitando-profissionais-da-industria","status":"publish","type":"page","link":"https:\/\/cemeai.icmc.usp.br\/CDII\/capacitando-profissionais-da-industria\/","title":{"rendered":"Capacitando Profissionais da Ind\u00fastria"},"content":{"rendered":"\t\t<div data-elementor-type=\"wp-page\" data-elementor-id=\"356\" class=\"elementor elementor-356\" data-elementor-post-type=\"page\">\n\t\t\t\t<div class=\"elementor-element elementor-element-1739527 e-flex e-con-boxed e-con e-parent\" data-id=\"1739527\" data-element_type=\"container\" data-settings=\"{&quot;background_background&quot;:&quot;classic&quot;}\">\n\t\t\t\t\t<div class=\"e-con-inner\">\n\t\t\t\t\t<\/div>\n\t\t\t\t<\/div>\n\t\t<div class=\"elementor-element elementor-element-8591623 e-flex e-con-boxed e-con e-parent\" data-id=\"8591623\" data-element_type=\"container\" id=\"contato\">\n\t\t\t\t\t<div class=\"e-con-inner\">\n\t\t\t\t<div class=\"elementor-element elementor-element-c90feac elementor-widget elementor-widget-heading\" data-id=\"c90feac\" data-element_type=\"widget\" data-widget_type=\"heading.default\">\n\t\t\t\t<div class=\"elementor-widget-container\">\n\t\t\t\t\t<h2 class=\"elementor-heading-title elementor-size-default\">\u00c1reas de atua\u00e7\u00e3o<\/h2>\t\t\t\t<\/div>\n\t\t\t\t<\/div>\n\t\t\t\t<div class=\"elementor-element elementor-element-38b6f6d elementor-widget elementor-widget-heading\" data-id=\"38b6f6d\" data-element_type=\"widget\" data-widget_type=\"heading.default\">\n\t\t\t\t<div class=\"elementor-widget-container\">\n\t\t\t\t\t<h2 class=\"elementor-heading-title elementor-size-default\">Capacitando Profissionais da Ind\u00fastria<\/h2>\t\t\t\t<\/div>\n\t\t\t\t<\/div>\n\t\t\t\t<div class=\"elementor-element elementor-element-32b36b4 elementor-widget elementor-widget-text-editor\" data-id=\"32b36b4\" data-element_type=\"widget\" data-widget_type=\"text-editor.default\">\n\t\t\t\t<div class=\"elementor-widget-container\">\n\t\t\t\t\t\t\t\t\t<p>Outra relevante miss\u00e3o do CPA-CDII consiste na prospec\u00e7\u00e3o, na identifica\u00e7\u00e3o e na cria\u00e7\u00e3o de oportunidades para capacitar a equipe t\u00e9cnica das Ind\u00fastrias parceiras visando aumentar suas qualifica\u00e7\u00f5es para a promo\u00e7\u00e3o da PD&amp;I no \u00e2mbito de sua ind\u00fastria.<\/p><p>O conjunto dos especialistas do CPA-CDII, possui significativa, relevante e comprovada experi\u00eancia na oferta de conhecimentos visando o desenvolvimento de compet\u00eancias, que ser\u00e3o utilizadas para oferecer \u00e0s ind\u00fastrias paulistas oportunidades para:<\/p><p><span style=\"color: #ff0000;\">\u2022<\/span> Treinamentos de curta dura\u00e7\u00e3o em IA e Ci\u00eancia de Dados de acordo com a solicita\u00e7\u00e3o das ind\u00fastrias parceiras e foco nos seus desafios tecnol\u00f3gicos;<\/p><p><span style=\"color: #ff0000;\">\u2022<\/span> Treinamentos latu-sensu em IA e Ci\u00eancias de Dados de acordo com a solicita\u00e7\u00e3o das ind\u00fastrias parceiras e foco nos seus desafios tecnol\u00f3gicos;<\/p><p><span style=\"color: #ff0000;\">\u2022<\/span> Treinamento in-company em IA e Ci\u00eancia de Dados de acordo com a solicita\u00e7\u00e3o das ind\u00fastrias parceiras e foco nos seus desafios tecnol\u00f3gicos;<\/p><p><span style=\"color: #ff0000;\">\u2022<\/span> Promover o acesso aos Programas de Mestrado, Doutorado e P\u00f3s-doutoramento oferecidos pela USP, UNICAMP, UNESP, AI2 e pelo SENAI-SP.<\/p>\t\t\t\t\t\t\t\t<\/div>\n\t\t\t\t<\/div>\n\t\t\t\t\t<\/div>\n\t\t\t\t<\/div>\n\t\t\t\t<\/div>\n\t\t","protected":false},"excerpt":{"rendered":"<p>\u00c1reas de atua\u00e7\u00e3o Capacitando Profissionais da Ind\u00fastria Outra relevante miss\u00e3o do CPA-CDII consiste na prospec\u00e7\u00e3o, na identifica\u00e7\u00e3o e na cria\u00e7\u00e3o de oportunidades para capacitar a equipe t\u00e9cnica das Ind\u00fastrias parceiras visando aumentar suas qualifica\u00e7\u00f5es para a promo\u00e7\u00e3o da PD&amp;I no \u00e2mbito de sua ind\u00fastria. O conjunto dos especialistas do CPA-CDII, possui significativa, relevante e comprovada [&hellip;]<\/p>\n","protected":false},"author":1,"featured_media":0,"parent":0,"menu_order":0,"comment_status":"closed","ping_status":"closed","template":"","meta":{"footnotes":""},"class_list":["post-356","page","type-page","status-publish","hentry"],"_links":{"self":[{"href":"https:\/\/cemeai.icmc.usp.br\/CDII\/wp-json\/wp\/v2\/pages\/356","targetHints":{"allow":["GET"]}}],"collection":[{"href":"https:\/\/cemeai.icmc.usp.br\/CDII\/wp-json\/wp\/v2\/pages"}],"about":[{"href":"https:\/\/cemeai.icmc.usp.br\/CDII\/wp-json\/wp\/v2\/types\/page"}],"author":[{"embeddable":true,"href":"https:\/\/cemeai.icmc.usp.br\/CDII\/wp-json\/wp\/v2\/users\/1"}],"replies":[{"embeddable":true,"href":"https:\/\/cemeai.icmc.usp.br\/CDII\/wp-json\/wp\/v2\/comments?post=356"}],"version-history":[{"count":16,"href":"https:\/\/cemeai.icmc.usp.br\/CDII\/wp-json\/wp\/v2\/pages\/356\/revisions"}],"predecessor-version":[{"id":731,"href":"https:\/\/cemeai.icmc.usp.br\/CDII\/wp-json\/wp\/v2\/pages\/356\/revisions\/731"}],"wp:attachment":[{"href":"https:\/\/cemeai.icmc.usp.br\/CDII\/wp-json\/wp\/v2\/media?parent=356"}],"curies":[{"name":"wp","href":"https:\/\/api.w.org\/{rel}","templated":true}]}}