{"id":367,"date":"2024-10-07T14:46:22","date_gmt":"2024-10-07T17:46:22","guid":{"rendered":"https:\/\/cemeai.icmc.usp.br\/CDII\/?page_id=367"},"modified":"2025-04-23T16:07:06","modified_gmt":"2025-04-23T19:07:06","slug":"cursos-oferecidos","status":"publish","type":"page","link":"https:\/\/cemeai.icmc.usp.br\/CDII\/cursos-oferecidos\/","title":{"rendered":"Cursos oferecidos"},"content":{"rendered":"\t\t<div data-elementor-type=\"wp-page\" data-elementor-id=\"367\" class=\"elementor elementor-367\" data-elementor-post-type=\"page\">\n\t\t\t\t<div class=\"elementor-element elementor-element-1739527 e-flex e-con-boxed e-con e-parent\" data-id=\"1739527\" data-element_type=\"container\" data-settings=\"{&quot;background_background&quot;:&quot;classic&quot;}\">\n\t\t\t\t\t<div class=\"e-con-inner\">\n\t\t\t\t\t<\/div>\n\t\t\t\t<\/div>\n\t\t<div class=\"elementor-element elementor-element-8591623 e-flex e-con-boxed e-con e-parent\" data-id=\"8591623\" data-element_type=\"container\" id=\"contato\">\n\t\t\t\t\t<div class=\"e-con-inner\">\n\t\t\t\t<div class=\"elementor-element elementor-element-c90feac elementor-widget elementor-widget-heading\" data-id=\"c90feac\" data-element_type=\"widget\" data-widget_type=\"heading.default\">\n\t\t\t\t<div class=\"elementor-widget-container\">\n\t\t\t\t\t<h2 class=\"elementor-heading-title elementor-size-default\">\u00c1reas de atua\u00e7\u00e3o<\/h2>\t\t\t\t<\/div>\n\t\t\t\t<\/div>\n\t\t\t\t<div class=\"elementor-element elementor-element-38b6f6d elementor-widget elementor-widget-heading\" data-id=\"38b6f6d\" data-element_type=\"widget\" data-widget_type=\"heading.default\">\n\t\t\t\t<div class=\"elementor-widget-container\">\n\t\t\t\t\t<h2 class=\"elementor-heading-title elementor-size-default\">Cursos oferecidos<\/h2>\t\t\t\t<\/div>\n\t\t\t\t<\/div>\n\t\t\t\t<div class=\"elementor-element elementor-element-9a28f18 elementor-widget elementor-widget-heading\" data-id=\"9a28f18\" data-element_type=\"widget\" data-widget_type=\"heading.default\">\n\t\t\t\t<div class=\"elementor-widget-container\">\n\t\t\t\t\t<h2 class=\"elementor-heading-title elementor-size-default\">SENAI-SP<\/h2>\t\t\t\t<\/div>\n\t\t\t\t<\/div>\n\t\t\t\t<div class=\"elementor-element elementor-element-54ec557 elementor-widget elementor-widget-heading\" data-id=\"54ec557\" data-element_type=\"widget\" data-widget_type=\"heading.default\">\n\t\t\t\t<div class=\"elementor-widget-container\">\n\t\t\t\t\t<h2 class=\"elementor-heading-title elementor-size-default\">USP<\/h2>\t\t\t\t<\/div>\n\t\t\t\t<\/div>\n\t\t\t\t<div class=\"elementor-element elementor-element-f445a33 elementor-widget elementor-widget-heading\" data-id=\"f445a33\" data-element_type=\"widget\" data-widget_type=\"heading.default\">\n\t\t\t\t<div class=\"elementor-widget-container\">\n\t\t\t\t\t<h2 class=\"elementor-heading-title elementor-size-default\">MBA em Ci\u00eancias de Dados (440h)<\/h2>\t\t\t\t<\/div>\n\t\t\t\t<\/div>\n\t\t\t\t<div class=\"elementor-element elementor-element-1c841c1 elementor-widget elementor-widget-text-editor\" data-id=\"1c841c1\" data-element_type=\"widget\" data-widget_type=\"text-editor.default\">\n\t\t\t\t<div class=\"elementor-widget-container\">\n\t\t\t\t\t\t\t\t\t<p>Descubra o MBA em Ci\u00eancias de Dados, pioneiro na modalidade a dist\u00e2ncia por uma universidade p\u00fablica, oferecido pelo CeMEAI e ICMC\/USP, agora em sua quarta turma. Com um ano de dura\u00e7\u00e3o, esse curso transformador busca redefinir sua vida profissional, capacitando-o teoricamente e oferecendo a melhor equipe docente do pa\u00eds. Al\u00e9m disso, voc\u00ea ter\u00e1 a oportunidade \u00fanica de solucionar um problema real da sua empresa com o suporte de mentores especializados, agregando valor pr\u00e1tico \u00e0 sua forma\u00e7\u00e3o em ci\u00eancias de dados.<\/p>\t\t\t\t\t\t\t\t<\/div>\n\t\t\t\t<\/div>\n\t\t\t\t<div class=\"elementor-element elementor-element-787e792 elementor-align-left elementor-widget elementor-widget-button\" data-id=\"787e792\" data-element_type=\"widget\" data-widget_type=\"button.default\">\n\t\t\t\t<div class=\"elementor-widget-container\">\n\t\t\t\t\t\t\t\t\t<div class=\"elementor-button-wrapper\">\n\t\t\t\t\t<a class=\"elementor-button elementor-button-link elementor-size-sm\" href=\"http:\/\/cemeai.icmc.usp.br\/MBA\" target=\"_blank\">\n\t\t\t\t\t\t<span class=\"elementor-button-content-wrapper\">\n\t\t\t\t\t\t\t\t\t<span class=\"elementor-button-text\">Acessar<\/span>\n\t\t\t\t\t<\/span>\n\t\t\t\t\t<\/a>\n\t\t\t\t<\/div>\n\t\t\t\t\t\t\t\t<\/div>\n\t\t\t\t<\/div>\n\t\t\t\t<div class=\"elementor-element elementor-element-78a66ec elementor-widget elementor-widget-heading\" data-id=\"78a66ec\" data-element_type=\"widget\" data-widget_type=\"heading.default\">\n\t\t\t\t<div class=\"elementor-widget-container\">\n\t\t\t\t\t<h2 class=\"elementor-heading-title elementor-size-default\">UNICAMP<\/h2>\t\t\t\t<\/div>\n\t\t\t\t<\/div>\n\t\t\t\t<div class=\"elementor-element elementor-element-b6b0d54 elementor-widget elementor-widget-heading\" data-id=\"b6b0d54\" data-element_type=\"widget\" data-widget_type=\"heading.default\">\n\t\t\t\t<div class=\"elementor-widget-container\">\n\t\t\t\t\t<h2 class=\"elementor-heading-title elementor-size-default\">Minera\u00e7\u00e3o de Dados Complexos (180h)<\/h2>\t\t\t\t<\/div>\n\t\t\t\t<\/div>\n\t\t\t\t<div class=\"elementor-element elementor-element-00ff56c elementor-widget elementor-widget-text-editor\" data-id=\"00ff56c\" data-element_type=\"widget\" data-widget_type=\"text-editor.default\">\n\t\t\t\t<div class=\"elementor-widget-container\">\n\t\t\t\t\t\t\t\t\t<p>Inscri\u00e7\u00f5es: de 01\/05\/2025 a 30\/06\/2025 (descontos para inscri\u00e7\u00f5es realizadas at\u00e9 31\/05\/2025)<\/p><p>Aulas: de 19\/07\/2025 a 20\/12\/2025 (aulas ao s\u00e1bados, das 8h30 \u00e0s 17h30)<\/p>\t\t\t\t\t\t\t\t<\/div>\n\t\t\t\t<\/div>\n\t\t\t\t<div class=\"elementor-element elementor-element-695356e elementor-align-left elementor-widget elementor-widget-button\" data-id=\"695356e\" data-element_type=\"widget\" data-widget_type=\"button.default\">\n\t\t\t\t<div class=\"elementor-widget-container\">\n\t\t\t\t\t\t\t\t\t<div class=\"elementor-button-wrapper\">\n\t\t\t\t\t<a class=\"elementor-button elementor-button-link elementor-size-sm\" href=\"https:\/\/ic.unicamp.br\/~mdc\" target=\"_blank\">\n\t\t\t\t\t\t<span class=\"elementor-button-content-wrapper\">\n\t\t\t\t\t\t\t\t\t<span class=\"elementor-button-text\">Acessar<\/span>\n\t\t\t\t\t<\/span>\n\t\t\t\t\t<\/a>\n\t\t\t\t<\/div>\n\t\t\t\t\t\t\t\t<\/div>\n\t\t\t\t<\/div>\n\t\t\t\t<div class=\"elementor-element elementor-element-7a48b90 elementor-widget elementor-widget-heading\" data-id=\"7a48b90\" data-element_type=\"widget\" data-widget_type=\"heading.default\">\n\t\t\t\t<div class=\"elementor-widget-container\">\n\t\t\t\t\t<h2 class=\"elementor-heading-title elementor-size-default\">Ci\u00eancia de Dados (100h)<\/h2>\t\t\t\t<\/div>\n\t\t\t\t<\/div>\n\t\t\t\t<div class=\"elementor-element elementor-element-dff388e elementor-widget elementor-widget-text-editor\" data-id=\"dff388e\" data-element_type=\"widget\" data-widget_type=\"text-editor.default\">\n\t\t\t\t<div class=\"elementor-widget-container\">\n\t\t\t\t\t\t\t\t\t<p>Este \u00e9 um exemplo de texto provis\u00f3rio do resumo Lorem ipsum dolor sit amet, consectetur adipiscing elit. Aliquam scelerisque mollis nunc, id maximus nisi volutpat in. Phasellus at vestibulum neque. Duis semper faucibus.<\/p>\t\t\t\t\t\t\t\t<\/div>\n\t\t\t\t<\/div>\n\t\t\t\t<div class=\"elementor-element elementor-element-018514d elementor-align-left elementor-widget elementor-widget-button\" data-id=\"018514d\" data-element_type=\"widget\" data-widget_type=\"button.default\">\n\t\t\t\t<div class=\"elementor-widget-container\">\n\t\t\t\t\t\t\t\t\t<div class=\"elementor-button-wrapper\">\n\t\t\t\t\t<a class=\"elementor-button elementor-button-link elementor-size-sm\" href=\"#\" target=\"_blank\">\n\t\t\t\t\t\t<span class=\"elementor-button-content-wrapper\">\n\t\t\t\t\t\t\t\t\t<span class=\"elementor-button-text\">Acessar<\/span>\n\t\t\t\t\t<\/span>\n\t\t\t\t\t<\/a>\n\t\t\t\t<\/div>\n\t\t\t\t\t\t\t\t<\/div>\n\t\t\t\t<\/div>\n\t\t\t\t<div class=\"elementor-element elementor-element-5c28e9e elementor-widget elementor-widget-heading\" data-id=\"5c28e9e\" data-element_type=\"widget\" data-widget_type=\"heading.default\">\n\t\t\t\t<div class=\"elementor-widget-container\">\n\t\t\t\t\t<h2 class=\"elementor-heading-title elementor-size-default\">Processamento de Linguagem Natural (40h)<\/h2>\t\t\t\t<\/div>\n\t\t\t\t<\/div>\n\t\t\t\t<div class=\"elementor-element elementor-element-1a18239 elementor-widget elementor-widget-text-editor\" data-id=\"1a18239\" data-element_type=\"widget\" data-widget_type=\"text-editor.default\">\n\t\t\t\t<div class=\"elementor-widget-container\">\n\t\t\t\t\t\t\t\t\t<p>Este \u00e9 um exemplo de texto provis\u00f3rio do resumo Lorem ipsum dolor sit amet, consectetur adipiscing elit. Aliquam scelerisque mollis nunc, id maximus nisi volutpat in. Phasellus at vestibulum neque. Duis semper faucibus.<\/p>\t\t\t\t\t\t\t\t<\/div>\n\t\t\t\t<\/div>\n\t\t\t\t<div class=\"elementor-element elementor-element-b03d63b elementor-align-left elementor-widget elementor-widget-button\" data-id=\"b03d63b\" data-element_type=\"widget\" data-widget_type=\"button.default\">\n\t\t\t\t<div class=\"elementor-widget-container\">\n\t\t\t\t\t\t\t\t\t<div class=\"elementor-button-wrapper\">\n\t\t\t\t\t<a class=\"elementor-button elementor-button-link elementor-size-sm\" href=\"#\" target=\"_blank\">\n\t\t\t\t\t\t<span class=\"elementor-button-content-wrapper\">\n\t\t\t\t\t\t\t\t\t<span class=\"elementor-button-text\">Acessar<\/span>\n\t\t\t\t\t<\/span>\n\t\t\t\t\t<\/a>\n\t\t\t\t<\/div>\n\t\t\t\t\t\t\t\t<\/div>\n\t\t\t\t<\/div>\n\t\t\t\t<div class=\"elementor-element elementor-element-545287b elementor-widget elementor-widget-heading\" data-id=\"545287b\" data-element_type=\"widget\" data-widget_type=\"heading.default\">\n\t\t\t\t<div class=\"elementor-widget-container\">\n\t\t\t\t\t<h2 class=\"elementor-heading-title elementor-size-default\">UNESP<\/h2>\t\t\t\t<\/div>\n\t\t\t\t<\/div>\n\t\t\t\t<div class=\"elementor-element elementor-element-d59f328 elementor-widget elementor-widget-heading\" data-id=\"d59f328\" data-element_type=\"widget\" data-widget_type=\"heading.default\">\n\t\t\t\t<div class=\"elementor-widget-container\">\n\t\t\t\t\t<h2 class=\"elementor-heading-title elementor-size-default\">AI2<\/h2>\t\t\t\t<\/div>\n\t\t\t\t<\/div>\n\t\t\t\t\t<\/div>\n\t\t\t\t<\/div>\n\t\t\t\t<\/div>\n\t\t","protected":false},"excerpt":{"rendered":"<p>\u00c1reas de atua\u00e7\u00e3o Cursos oferecidos SENAI-SP USP MBA em Ci\u00eancias de Dados (440h) Descubra o MBA em Ci\u00eancias de Dados, pioneiro na modalidade a dist\u00e2ncia por uma universidade p\u00fablica, oferecido pelo CeMEAI e ICMC\/USP, agora em sua quarta turma. Com um ano de dura\u00e7\u00e3o, esse curso transformador busca redefinir sua vida profissional, capacitando-o teoricamente e [&hellip;]<\/p>\n","protected":false},"author":1,"featured_media":0,"parent":0,"menu_order":0,"comment_status":"closed","ping_status":"closed","template":"","meta":{"footnotes":""},"class_list":["post-367","page","type-page","status-publish","hentry"],"_links":{"self":[{"href":"https:\/\/cemeai.icmc.usp.br\/CDII\/wp-json\/wp\/v2\/pages\/367","targetHints":{"allow":["GET"]}}],"collection":[{"href":"https:\/\/cemeai.icmc.usp.br\/CDII\/wp-json\/wp\/v2\/pages"}],"about":[{"href":"https:\/\/cemeai.icmc.usp.br\/CDII\/wp-json\/wp\/v2\/types\/page"}],"author":[{"embeddable":true,"href":"https:\/\/cemeai.icmc.usp.br\/CDII\/wp-json\/wp\/v2\/users\/1"}],"replies":[{"embeddable":true,"href":"https:\/\/cemeai.icmc.usp.br\/CDII\/wp-json\/wp\/v2\/comments?post=367"}],"version-history":[{"count":43,"href":"https:\/\/cemeai.icmc.usp.br\/CDII\/wp-json\/wp\/v2\/pages\/367\/revisions"}],"predecessor-version":[{"id":987,"href":"https:\/\/cemeai.icmc.usp.br\/CDII\/wp-json\/wp\/v2\/pages\/367\/revisions\/987"}],"wp:attachment":[{"href":"https:\/\/cemeai.icmc.usp.br\/CDII\/wp-json\/wp\/v2\/media?parent=367"}],"curies":[{"name":"wp","href":"https:\/\/api.w.org\/{rel}","templated":true}]}}