{"id":375,"date":"2024-10-07T16:06:33","date_gmt":"2024-10-07T19:06:33","guid":{"rendered":"https:\/\/cemeai.icmc.usp.br\/CDII\/?page_id=375"},"modified":"2024-10-10T10:56:20","modified_gmt":"2024-10-10T13:56:20","slug":"workshops-de-inovacao","status":"publish","type":"page","link":"https:\/\/cemeai.icmc.usp.br\/CDII\/workshops-de-inovacao\/","title":{"rendered":"Workshops de Inova\u00e7\u00e3o"},"content":{"rendered":"\t\t<div data-elementor-type=\"wp-page\" data-elementor-id=\"375\" class=\"elementor elementor-375\" data-elementor-post-type=\"page\">\n\t\t\t\t<div class=\"elementor-element elementor-element-1739527 e-flex e-con-boxed e-con e-parent\" data-id=\"1739527\" data-element_type=\"container\" data-settings=\"{&quot;background_background&quot;:&quot;classic&quot;}\">\n\t\t\t\t\t<div class=\"e-con-inner\">\n\t\t\t\t\t<\/div>\n\t\t\t\t<\/div>\n\t\t<div class=\"elementor-element elementor-element-8591623 e-flex e-con-boxed e-con e-parent\" data-id=\"8591623\" data-element_type=\"container\" id=\"contato\">\n\t\t\t\t\t<div class=\"e-con-inner\">\n\t\t\t\t<div class=\"elementor-element elementor-element-c90feac elementor-widget elementor-widget-heading\" data-id=\"c90feac\" data-element_type=\"widget\" data-widget_type=\"heading.default\">\n\t\t\t\t<div class=\"elementor-widget-container\">\n\t\t\t\t\t<h2 class=\"elementor-heading-title elementor-size-default\">Workshops de Inova\u00e7\u00e3o<\/h2>\t\t\t\t<\/div>\n\t\t\t\t<\/div>\n\t\t\t\t<div class=\"elementor-element elementor-element-38b6f6d elementor-widget elementor-widget-heading\" data-id=\"38b6f6d\" data-element_type=\"widget\" data-widget_type=\"heading.default\">\n\t\t\t\t<div class=\"elementor-widget-container\">\n\t\t\t\t\t<h2 class=\"elementor-heading-title elementor-size-default\">Identificando e buscando solu\u00e7\u00f5es para as \ndemandas existentes nas ind\u00fastrias paulistas<\/h2>\t\t\t\t<\/div>\n\t\t\t\t<\/div>\n\t\t\t\t<div class=\"elementor-element elementor-element-32b36b4 elementor-widget elementor-widget-text-editor\" data-id=\"32b36b4\" data-element_type=\"widget\" data-widget_type=\"text-editor.default\">\n\t\t\t\t<div class=\"elementor-widget-container\">\n\t\t\t\t\t\t\t\t\t<p>A partir do conjunto de setores priorit\u00e1rios a serem definidos pelas equipes do CPA, o SENAI-SP, promover\u00e1 o mapeamento, organiza\u00e7\u00e3o e a realiza\u00e7\u00e3o dos Workshops de Inova\u00e7\u00e3o (WI), com dura\u00e7\u00e3o de 5 dias, para os quais as empresas e institui\u00e7\u00f5es trar\u00e3o seus problemas, onde ser\u00e3o identificadas as especificidades de suas necessidades e ent\u00e3o focar na busca de solu\u00e7\u00e3o para seus desafios tecnol\u00f3gicos, como tamb\u00e9m, na identifica\u00e7\u00e3o das necessidades espec\u00edficas de treinamento e capacita\u00e7\u00e3o de seus recursos humanos.<\/p><p>Para cada ano de execu\u00e7\u00e3o deste CPA &#8211; ao longo dos 5 (cinco) anos, est\u00e1 prevista a realiza\u00e7\u00e3o de pelo menos 5 (cinco) Workshops de Inova\u00e7\u00e3o (WI), para setores previamente priorizados pelo conjunto dos l\u00edderes dos grupos de cada ICT participante.<\/p><p>Com essa defini\u00e7\u00e3o o SENAI-SP desenvolver\u00e1 o correspondente \u201cInsight Setorial\u201d mapeando os clusters de empresas com maior potencial para apresentar seus desafios tecnol\u00f3gicos a serem submetidos ao respectivo Workshop de Inova\u00e7\u00e3o.<\/p><p>Assim, cada conjunto de \u201cEmpresas Target\u201d &#8211; a serem identificadas para o(s) setor(es) escolhido(s), ser\u00e1 apresentado ao CPA para definir quais empresas dever\u00e3o ser acessadas para participarem de cada um dos WI &#8211; cujo foco central \u00e9 a explicita\u00e7\u00e3o de seus desafios tecnol\u00f3gicos visando \u00e0 busca de suas solu\u00e7\u00f5es &#8211; que para sua execu\u00e7\u00e3o, contar\u00e1 com a expertise de todos os membros do CPA-CDII e de estudantes p\u00f3s-graduados que integram o network do CPA-CDII. Para cada um dos desafios tecnol\u00f3gicos incorporados no Workshop de Inova\u00e7\u00e3o, ser\u00e3o formadas equipes espec\u00edficas para trabalhar no equadionamento de suas naturezas e consequente encaminhamento para sua solu\u00e7\u00e3o.<\/p><p>Portanto, \u00e9 no contexto de cada um dos WIs que se far\u00e1 a defini\u00e7\u00e3o das estrat\u00e9gias de busca das solu\u00e7\u00f5es e a estrutura\u00e7\u00e3o do conjunto de a\u00e7\u00f5es necess\u00e1rias para a constru\u00e7\u00e3o da Prova de Conceito (PoC) da solu\u00e7\u00e3o de cada um dos desafios apresentados e a decorrente cria\u00e7\u00e3o de poss\u00edveis parcerias institucionais. Concomitantemente, ser\u00e3o identificadas as necessidades de treinamento e capacita\u00e7\u00e3o dos recursos humanos a\u00ed associados.<\/p><p>Antevemos que esse contato direto com as empresas, possibilitar\u00e1 tamb\u00e9m visionar e antecipar necessidades da explora\u00e7\u00e3o de novas rotas tecnol\u00f3gicas e a identifica\u00e7\u00e3o de potenciais compet\u00eancias que ser\u00e3o necess\u00e1rias para qualificar os profissionais de IA do futuro.<\/p>\t\t\t\t\t\t\t\t<\/div>\n\t\t\t\t<\/div>\n\t\t\t\t<div class=\"elementor-element elementor-element-f003441 elementor-widget elementor-widget-heading\" data-id=\"f003441\" data-element_type=\"widget\" data-widget_type=\"heading.default\">\n\t\t\t\t<div class=\"elementor-widget-container\">\n\t\t\t\t\t<h2 class=\"elementor-heading-title elementor-size-default\">Submeta aqui o Desafio Tecnol\u00f3gico de sua Ind\u00fastria<\/h2>\t\t\t\t<\/div>\n\t\t\t\t<\/div>\n\t\t\t\t<div class=\"elementor-element elementor-element-3b1c11e elementor-button-align-center elementor-widget elementor-widget-form\" data-id=\"3b1c11e\" data-element_type=\"widget\" data-settings=\"{&quot;step_next_label&quot;:&quot;Pr\\u00f3ximo&quot;,&quot;step_previous_label&quot;:&quot;Anterior&quot;,&quot;step_type&quot;:&quot;none&quot;,&quot;button_width&quot;:&quot;100&quot;,&quot;step_icon_shape&quot;:&quot;circle&quot;}\" data-widget_type=\"form.default\">\n\t\t\t\t<div class=\"elementor-widget-container\">\n\t\t\t\t\t\t\t<form class=\"elementor-form\" method=\"post\" name=\"Contato\">\n\t\t\t<input type=\"hidden\" name=\"post_id\" value=\"375\"\/>\n\t\t\t<input type=\"hidden\" name=\"form_id\" value=\"3b1c11e\"\/>\n\t\t\t<input type=\"hidden\" name=\"referer_title\" value=\"\" \/>\n\n\t\t\t\n\t\t\t<div class=\"elementor-form-fields-wrapper elementor-labels-above\">\n\t\t\t\t\t\t\t\t<div class=\"elementor-field-type-text elementor-field-group elementor-column elementor-field-group-name elementor-col-50 elementor-field-required elementor-mark-required\">\n\t\t\t\t\t\t\t\t\t\t\t\t<label for=\"form-field-name\" class=\"elementor-field-label\">\n\t\t\t\t\t\t\t\tNome da empresa\t\t\t\t\t\t\t<\/label>\n\t\t\t\t\t\t\t\t\t\t\t\t\t\t<input size=\"1\" type=\"text\" name=\"form_fields[name]\" id=\"form-field-name\" class=\"elementor-field elementor-size-sm  elementor-field-textual\" placeholder=\"Digite o nome da empresa\" required=\"required\">\n\t\t\t\t\t\t\t\t\t\t\t<\/div>\n\t\t\t\t\t\t\t\t<div class=\"elementor-field-type-text elementor-field-group elementor-column elementor-field-group-field_21fdea9 elementor-col-50\">\n\t\t\t\t\t\t\t\t\t\t\t\t<label for=\"form-field-field_21fdea9\" class=\"elementor-field-label\">\n\t\t\t\t\t\t\t\tSetor da Ind\u00fastria\t\t\t\t\t\t\t<\/label>\n\t\t\t\t\t\t\t\t\t\t\t\t\t\t<input size=\"1\" type=\"text\" name=\"form_fields[field_21fdea9]\" id=\"form-field-field_21fdea9\" class=\"elementor-field elementor-size-sm  elementor-field-textual\" placeholder=\"Digite o setor da ind\u00fastria\">\n\t\t\t\t\t\t\t\t\t\t\t<\/div>\n\t\t\t\t\t\t\t\t<div class=\"elementor-field-type-text elementor-field-group elementor-column elementor-field-group-field_72d2d41 elementor-col-50 elementor-field-required elementor-mark-required\">\n\t\t\t\t\t\t\t\t\t\t\t\t<label for=\"form-field-field_72d2d41\" class=\"elementor-field-label\">\n\t\t\t\t\t\t\t\tNome do respons\u00e1vel\t\t\t\t\t\t\t<\/label>\n\t\t\t\t\t\t\t\t\t\t\t\t\t\t<input size=\"1\" type=\"text\" name=\"form_fields[field_72d2d41]\" id=\"form-field-field_72d2d41\" class=\"elementor-field elementor-size-sm  elementor-field-textual\" placeholder=\"Nome do respons\u00e1vel\" required=\"required\">\n\t\t\t\t\t\t\t\t\t\t\t<\/div>\n\t\t\t\t\t\t\t\t<div class=\"elementor-field-type-email elementor-field-group elementor-column elementor-field-group-email elementor-col-50 elementor-field-required elementor-mark-required\">\n\t\t\t\t\t\t\t\t\t\t\t\t<label for=\"form-field-email\" class=\"elementor-field-label\">\n\t\t\t\t\t\t\t\tE-mail para contato\t\t\t\t\t\t\t<\/label>\n\t\t\t\t\t\t\t\t\t\t\t\t\t\t<input size=\"1\" type=\"email\" name=\"form_fields[email]\" id=\"form-field-email\" class=\"elementor-field elementor-size-sm  elementor-field-textual\" placeholder=\"example@email.com\" required=\"required\">\n\t\t\t\t\t\t\t\t\t\t\t<\/div>\n\t\t\t\t\t\t\t\t<div class=\"elementor-field-type-text elementor-field-group elementor-column elementor-field-group-field_50cb0de elementor-col-100\">\n\t\t\t\t\t\t\t\t\t\t\t\t<label for=\"form-field-field_50cb0de\" class=\"elementor-field-label\">\n\t\t\t\t\t\t\t\tT\u00edtulo do Desafio\t\t\t\t\t\t\t<\/label>\n\t\t\t\t\t\t\t\t\t\t\t\t\t\t<input size=\"1\" type=\"text\" name=\"form_fields[field_50cb0de]\" id=\"form-field-field_50cb0de\" class=\"elementor-field elementor-size-sm  elementor-field-textual\" placeholder=\"T\u00edtulo do Desafio\">\n\t\t\t\t\t\t\t\t\t\t\t<\/div>\n\t\t\t\t\t\t\t\t<div class=\"elementor-field-type-textarea elementor-field-group elementor-column elementor-field-group-field_7907197 elementor-col-100\">\n\t\t\t\t\t\t\t\t\t\t\t\t<label for=\"form-field-field_7907197\" class=\"elementor-field-label\">\n\t\t\t\t\t\t\t\tDescri\u00e7\u00e3o do Desafio\t\t\t\t\t\t\t<\/label>\n\t\t\t\t\t\t<textarea class=\"elementor-field-textual elementor-field  elementor-size-sm\" name=\"form_fields[field_7907197]\" id=\"form-field-field_7907197\" rows=\"4\" placeholder=\"Insira os detalhes do Desafio\"><\/textarea>\t\t\t\t<\/div>\n\t\t\t\t\t\t\t\t<div class=\"elementor-field-group elementor-column elementor-field-type-submit elementor-col-100 e-form__buttons\">\n\t\t\t\t\t<button class=\"elementor-button elementor-size-sm\" type=\"submit\">\n\t\t\t\t\t\t<span class=\"elementor-button-content-wrapper\">\n\t\t\t\t\t\t\t\t\t\t\t\t\t\t\t\t\t\t\t\t\t\t<span class=\"elementor-button-text\">Enviar<\/span>\n\t\t\t\t\t\t\t\t\t\t\t\t\t<\/span>\n\t\t\t\t\t<\/button>\n\t\t\t\t<\/div>\n\t\t\t<\/div>\n\t\t<\/form>\n\t\t\t\t\t\t<\/div>\n\t\t\t\t<\/div>\n\t\t\t\t\t<\/div>\n\t\t\t\t<\/div>\n\t\t\t\t<\/div>\n\t\t","protected":false},"excerpt":{"rendered":"<p>Workshops de Inova\u00e7\u00e3o Identificando e buscando solu\u00e7\u00f5es para as demandas existentes nas ind\u00fastrias paulistas A partir do conjunto de setores priorit\u00e1rios a serem definidos pelas equipes do CPA, o SENAI-SP, promover\u00e1 o mapeamento, organiza\u00e7\u00e3o e a realiza\u00e7\u00e3o dos Workshops de Inova\u00e7\u00e3o (WI), com dura\u00e7\u00e3o de 5 dias, para os quais as empresas e institui\u00e7\u00f5es trar\u00e3o [&hellip;]<\/p>\n","protected":false},"author":1,"featured_media":0,"parent":0,"menu_order":0,"comment_status":"closed","ping_status":"closed","template":"","meta":{"footnotes":""},"class_list":["post-375","page","type-page","status-publish","hentry"],"_links":{"self":[{"href":"https:\/\/cemeai.icmc.usp.br\/CDII\/wp-json\/wp\/v2\/pages\/375","targetHints":{"allow":["GET"]}}],"collection":[{"href":"https:\/\/cemeai.icmc.usp.br\/CDII\/wp-json\/wp\/v2\/pages"}],"about":[{"href":"https:\/\/cemeai.icmc.usp.br\/CDII\/wp-json\/wp\/v2\/types\/page"}],"author":[{"embeddable":true,"href":"https:\/\/cemeai.icmc.usp.br\/CDII\/wp-json\/wp\/v2\/users\/1"}],"replies":[{"embeddable":true,"href":"https:\/\/cemeai.icmc.usp.br\/CDII\/wp-json\/wp\/v2\/comments?post=375"}],"version-history":[{"count":19,"href":"https:\/\/cemeai.icmc.usp.br\/CDII\/wp-json\/wp\/v2\/pages\/375\/revisions"}],"predecessor-version":[{"id":743,"href":"https:\/\/cemeai.icmc.usp.br\/CDII\/wp-json\/wp\/v2\/pages\/375\/revisions\/743"}],"wp:attachment":[{"href":"https:\/\/cemeai.icmc.usp.br\/CDII\/wp-json\/wp\/v2\/media?parent=375"}],"curies":[{"name":"wp","href":"https:\/\/api.w.org\/{rel}","templated":true}]}}