{"id":383,"date":"2024-03-11T16:50:43","date_gmt":"2024-03-11T19:50:43","guid":{"rendered":"https:\/\/cemeai.icmc.usp.br\/tiago\/?page_id=383"},"modified":"2024-03-25T13:46:50","modified_gmt":"2024-03-25T16:46:50","slug":"edo-verao-23","status":"publish","type":"page","link":"https:\/\/cemeai.icmc.usp.br\/tiago\/edo-verao-23\/","title":{"rendered":"EDO Ver\u00e3o 23"},"content":{"rendered":"\t\t<div data-elementor-type=\"wp-page\" data-elementor-id=\"383\" class=\"elementor elementor-383\" data-elementor-post-type=\"page\">\n\t\t\t\t<div class=\"elementor-element elementor-element-35d52562 e-flex e-con-boxed e-con e-parent\" data-id=\"35d52562\" data-element_type=\"container\" data-e-type=\"container\" data-settings=\"{&quot;background_background&quot;:&quot;classic&quot;}\">\n\t\t\t\t\t<div class=\"e-con-inner\">\n\t\t\t\t<div class=\"elementor-element elementor-element-24a0b1c4 elementor-invisible elementor-widget elementor-widget-heading\" data-id=\"24a0b1c4\" data-element_type=\"widget\" data-e-type=\"widget\" data-settings=\"{&quot;_animation&quot;:&quot;fadeIn&quot;}\" data-widget_type=\"heading.default\">\n\t\t\t\t<div class=\"elementor-widget-container\">\n\t\t\t\t\t<h1 class=\"elementor-heading-title elementor-size-default\">EDO Ver\u00e3o 23<\/h1>\t\t\t\t<\/div>\n\t\t\t\t<\/div>\n\t\t\t\t<div class=\"elementor-element elementor-element-4d02617 elementor-widget elementor-widget-text-editor\" data-id=\"4d02617\" data-element_type=\"widget\" data-e-type=\"widget\" data-widget_type=\"text-editor.default\">\n\t\t\t\t<div class=\"elementor-widget-container\">\n\t\t\t\t\t\t\t\t\t<p id=\"u915-3\"><span id=\"u915-2\">Equa\u00e7\u00f5es Diferenciais Ordin\u00e1rias<\/span><\/p><p>Ver\u00e3o 2023<\/p>\t\t\t\t\t\t\t\t<\/div>\n\t\t\t\t<\/div>\n\t\t\t\t<div class=\"elementor-element elementor-element-8ee9d2 elementor-fixed animated-slow elementor-hidden-mobile elementor-view-default elementor-invisible elementor-widget elementor-widget-icon\" data-id=\"8ee9d2\" data-element_type=\"widget\" data-e-type=\"widget\" data-settings=\"{&quot;_position&quot;:&quot;fixed&quot;,&quot;_animation&quot;:&quot;fadeIn&quot;,&quot;_animation_delay&quot;:1800}\" data-widget_type=\"icon.default\">\n\t\t\t\t<div class=\"elementor-widget-container\">\n\t\t\t\t\t\t\t<div class=\"elementor-icon-wrapper\">\n\t\t\t<a class=\"elementor-icon elementor-animation-grow\" href=\"#elementor-action%3Aaction%3Dpopup%3Aopen%26settings%3DeyJpZCI6MTIsInRvZ2dsZSI6ZmFsc2V9\">\n\t\t\t<svg xmlns=\"http:\/\/www.w3.org\/2000\/svg\" viewBox=\"0 0 70 70\"><path fill-rule=\"evenodd\" clip-rule=\"evenodd\" d=\"M27.862 29.5h14.786c.752 0 1.362.61 1.362 1.362v.361l-8.909 3.62-8.601-3.494v-.487c0-.752.61-1.362 1.362-1.362ZM26.5 32.968v7.17c0 .752.61 1.362 1.362 1.362h14.786c.752 0 1.362-.61 1.362-1.362v-7.296l-8.627 3.505-.282.115-.282-.115-8.319-3.38ZM25 30.862A2.862 2.862 0 0 1 27.862 28h14.786a2.862 2.862 0 0 1 2.862 2.862v9.276A2.862 2.862 0 0 1 42.648 43H27.862A2.862 2.862 0 0 1 25 40.138v-9.276Z\"><\/path><\/svg>\t\t\t<\/a>\n\t\t<\/div>\n\t\t\t\t\t\t<\/div>\n\t\t\t\t<\/div>\n\t\t\t\t\t<\/div>\n\t\t\t\t<\/div>\n\t\t<div class=\"elementor-element elementor-element-8caba91 e-flex e-con-boxed e-con e-parent\" data-id=\"8caba91\" data-element_type=\"container\" data-e-type=\"container\">\n\t\t\t\t\t<div class=\"e-con-inner\">\n\t\t\t\t<div class=\"elementor-element elementor-element-6c6e155 elementor-widget elementor-widget-text-editor\" data-id=\"6c6e155\" data-element_type=\"widget\" data-e-type=\"widget\" data-widget_type=\"text-editor.default\">\n\t\t\t\t<div class=\"elementor-widget-container\">\n\t\t\t\t\t\t\t\t\t<p id=\"u1937-8\"><span id=\"u1937-7\"><strong>Professor:<\/strong> Tiago Pereira<\/span><\/p><p id=\"u1937-10\"><span id=\"u1937-9\">Atendimento: Ter\u00e7a-feira as 11h<\/span><\/p><p id=\"u1937-12\"><span id=\"u1937-11\">Sala: 3-242<\/span><\/p>\t\t\t\t\t\t\t\t<\/div>\n\t\t\t\t<\/div>\n\t\t\t\t<div class=\"elementor-element elementor-element-cd1705a elementor-widget elementor-widget-text-editor\" data-id=\"cd1705a\" data-element_type=\"widget\" data-e-type=\"widget\" data-widget_type=\"text-editor.default\">\n\t\t\t\t<div class=\"elementor-widget-container\">\n\t\t\t\t\t\t\t\t\t<p id=\"u1937-17\"><span id=\"u1937-14\"><strong>Monitor:<\/strong>\u00a0<\/span><span style=\"text-decoration: underline; color: #0000ff;\"><a class=\"nonblock\" style=\"color: #0000ff;\" href=\"mailto:bianzheng@usp.br\"><span id=\"u1937-15\">Zheng Bian<\/span><\/a><\/span><\/p><p id=\"u1937-19\"><span id=\"u1937-18\">Atendimento: Quarta-feira as 10h<\/span><\/p><p id=\"u1937-21\"><span id=\"u1937-20\">Sala: 3-102<\/span><\/p>\t\t\t\t\t\t\t\t<\/div>\n\t\t\t\t<\/div>\n\t\t\t\t\t<\/div>\n\t\t\t\t<\/div>\n\t\t<div class=\"elementor-element elementor-element-9d91391 e-flex e-con-boxed e-con e-parent\" data-id=\"9d91391\" data-element_type=\"container\" data-e-type=\"container\">\n\t\t\t\t\t<div class=\"e-con-inner\">\n\t\t\t\t<div class=\"elementor-element elementor-element-fc152cf elementor-invisible elementor-widget elementor-widget-heading\" data-id=\"fc152cf\" data-element_type=\"widget\" data-e-type=\"widget\" data-settings=\"{&quot;_animation&quot;:&quot;fadeIn&quot;}\" data-widget_type=\"heading.default\">\n\t\t\t\t<div class=\"elementor-widget-container\">\n\t\t\t\t\t<h1 class=\"elementor-heading-title elementor-size-default\">Bibliografia<\/h1>\t\t\t\t<\/div>\n\t\t\t\t<\/div>\n\t\t\t\t<div class=\"elementor-element elementor-element-2e50a39 elementor-widget elementor-widget-text-editor\" data-id=\"2e50a39\" data-element_type=\"widget\" data-e-type=\"widget\" data-widget_type=\"text-editor.default\">\n\t\t\t\t<div class=\"elementor-widget-container\">\n\t\t\t\t\t\t\t\t\t<div id=\"u1938-13\" class=\"clearfix colelem\"><p id=\"u1938-5\">G Teschl &#8211; Ordinary Differential Equations and Dynamical Systems<\/p><p id=\"u1938-8\">VI Arnold &#8211;\u00a0 Ordinary Differential Equations<\/p><p id=\"u1938-11\">Augusto\u00a0 de Castro Jr &#8211; Curso de Equa\u00e7\u00f5es\u00a0 Diferenciais Ordin\u00e1rias<\/p><\/div><div id=\"pu1943-4\" class=\"clearfix colelem\"><div id=\"u1943-4\" class=\"clearfix grpelem\"><p><strong>Lista 1:<\/strong> Teschl Problemas Ch 1 &amp; 2<\/p><\/div><\/div>\t\t\t\t\t\t\t\t<\/div>\n\t\t\t\t<\/div>\n\t\t\t\t\t<\/div>\n\t\t\t\t<\/div>\n\t\t<div class=\"elementor-element elementor-element-62f31d1 e-flex e-con-boxed e-con e-parent\" data-id=\"62f31d1\" data-element_type=\"container\" data-e-type=\"container\">\n\t\t\t\t\t<div class=\"e-con-inner\">\n\t\t\t\t<div class=\"elementor-element elementor-element-8a53d8f elementor-widget elementor-widget-text-editor\" data-id=\"8a53d8f\" data-element_type=\"widget\" data-e-type=\"widget\" data-widget_type=\"text-editor.default\">\n\t\t\t\t<div class=\"elementor-widget-container\">\n\t\t\t\t\t\t\t\t\t<h4 style=\"text-align: center;\">AULA 1<\/h4><p style=\"text-align: center;\"><strong>Ch 1<\/strong><\/p><p style=\"text-align: center;\">No\u00e7\u00f5es preliminares, modelos, propriedades das equa\u00e7\u00f5es diferenciais, defini\u00e7\u00e3o de solu\u00e7\u00e3o, PVI.<\/p><p style=\"text-align: center;\">-modelos epidemiol\u00f3gicos SIS<\/p><p style=\"text-align: center;\">-modelos epidemiol\u00f3gicos \u2013 explos\u00e3o<\/p><p style=\"text-align: center;\">-Problema de Hubert &#8211; infinitas solu\u00e7\u00f5es<\/p><p>\u00a0<\/p><h4 style=\"text-align: center;\">AULA 2\u00a0<\/h4><p style=\"text-align: center;\"><strong>Ch 2.2<\/strong><\/p><p style=\"text-align: center;\"><span class=\"T1\">Prova de Cauchy<\/span><\/p><p style=\"text-align: center;\"><span class=\"T1\">Teorema de Picard Lindeloef<\/span><\/p><p style=\"text-align: center;\"><span class=\"T1\">Enunciado e discuss\u00e3o<\/span><\/p><p>\u00a0<\/p><h4 style=\"text-align: center;\">AULA 3<\/h4><p style=\"text-align: center;\"><strong>Ch 2.2<\/strong><\/p><p style=\"text-align: center;\">Prep para a Prova do Teorema de Picard<\/p><p style=\"text-align: center;\">(Contra) Exemplos de espa\u00e7os completos<\/p><p>\u00a0<\/p><h4 style=\"text-align: center;\">AULA 4<\/h4><p style=\"text-align: center;\"><strong>Ch 2.4-5<\/strong><\/p><p style=\"text-align: center;\">Teorema do Pto fixo<\/p><p style=\"text-align: center;\">Prova do Teorema de Picard<\/p><p>\u00a0<\/p><h4 style=\"text-align: center;\">AULA 5<\/h4><p style=\"text-align: center;\">Gronwall &amp; Depend\u00eancia das condi\u00e7\u00f5es iniciais Prolongamento de solu\u00e7\u00e3o enunciado<\/p><p style=\"text-align: center;\">Discuss\u00e3o EDO com par\u00e2metros<\/p><p>\u00a0<\/p><h4 style=\"text-align: center;\">AULA 6<\/h4><p style=\"text-align: center;\">Prova 1 \u2013 12 Jan<\/p><p>\u00a0<\/p><h4 style=\"text-align: center;\">AULA 7<\/h4><p style=\"text-align: center;\"><strong>Ch 3.1<\/strong><\/p><p style=\"text-align: center;\">Sistemas Lineares aut\u00f4nomos<\/p><p style=\"text-align: center;\">Exponencial de Matriz e normas induzidas<\/p><p>\u00a0<\/p><h4 style=\"text-align: center;\">AULA 8<\/h4><p style=\"text-align: center;\"><strong>Ch 3.2<\/strong><\/p><p style=\"text-align: center;\">Sistemas Lineares aut\u00f4nomos no plano<\/p><p style=\"text-align: center;\">Retratos de fase para sistemas lineares planares Pontos de sela, foco, no, centro<\/p><p style=\"text-align: center;\">Estabilidade de Lyapunov<\/p><p>\u00a0<\/p><h4 style=\"text-align: center;\">AULA 9<\/h4><p style=\"text-align: center;\"><strong>Ch 3.4<\/strong><\/p><p style=\"text-align: center;\">Sistemas Lineares gerais<\/p><p style=\"text-align: center;\">Matrix fundamental e Propriedades<\/p><p>\u00a0<\/p><h4 style=\"text-align: center;\">AULA 10<\/h4><p style=\"text-align: center;\"><strong>Ch 3.4<\/strong><\/p><p style=\"text-align: center;\">Varia\u00e7\u00e3o das constantes e formula de Liouville Aplica\u00e7\u00f5es<\/p><p>\u00a0<\/p><h4 style=\"text-align: center;\">AULA 11<\/h4><p style=\"text-align: center;\"><strong>Ch 3.5<\/strong><\/p><p style=\"text-align: center;\">Sistemas Lineares Peri\u00f3dicos<\/p><p style=\"text-align: center;\">Monodromia e Teorema de Floquet<\/p><p>\u00a0<\/p><h4 style=\"text-align: center;\">AULA 12<\/h4><p style=\"text-align: center;\"><strong>Ar\u2019d 28<\/strong><\/p><p style=\"text-align: center;\">Exemplos pendulo invertido<\/p><p>\u00a0<\/p><h4 style=\"text-align: center;\">AULA 13<\/h4><p style=\"text-align: center;\">Exerc\u00edcios<\/p><h4 style=\"text-align: center;\">\u00a0<\/h4><h4 style=\"text-align: center;\">AULA 14<\/h4><p style=\"text-align: center;\">Prova 2 \u2013 26 Jan<\/p><p>\u00a0<\/p><h4 style=\"text-align: center;\">AULA 15<\/h4><p style=\"text-align: center;\"><strong>Ch 6.2-3<\/strong><\/p><p style=\"text-align: center;\">Fluxo e conjuntos invariantes (Zheng)<\/p><p>\u00a0<\/p><h4 style=\"text-align: center;\">AULA 16<\/h4><p style=\"text-align: center;\"><strong>Ch 6.5<\/strong><\/p><p style=\"text-align: center;\">Estabilidade de pontos fixos e M\u00e9todo de Lyapunov<\/p><p>\u00a0<\/p><h4 style=\"text-align: center;\">AULA 17<\/h4><p style=\"text-align: center;\"><strong>Ch 7.2<\/strong><\/p><p style=\"text-align: center;\">Variedades est\u00e1veis e inst\u00e1veis<\/p><p style=\"text-align: center;\">Dimens\u00e3o das variedades<\/p><p>\u00a0<\/p><h4 style=\"text-align: center;\">AULA 18<\/h4><p style=\"text-align: center;\">Variedades est\u00e1veis e inst\u00e1veis \u2013 continua\u00e7\u00e3o<\/p><p>\u00a0<\/p><h4 style=\"text-align: center;\">AULA 19<\/h4><p style=\"text-align: center;\">Prova 3 \u2013 3 Fev<\/p><p>\u00a0<\/p><h4 style=\"text-align: center;\">AULA 20<\/h4><p style=\"text-align: center;\"><strong>Ch 6.4<\/strong><\/p><p style=\"text-align: center;\">Orbitas Peri\u00f3dicas<\/p><p>\u00a0<\/p><h4 style=\"text-align: center;\">AULA 21<\/h4><p style=\"text-align: center;\"><strong>Arnold<\/strong><\/p><p style=\"text-align: center;\">Conjuga\u00e7\u00e3o. Exemplo com sistemas Lineares<\/p><p style=\"text-align: center;\">Hartman-Grobman enunciado<\/p><p>\u00a0<\/p><h4 style=\"text-align: center;\">AULA 22<\/h4><p style=\"text-align: center;\"><strong>Ch 7.3<\/strong><\/p><p style=\"text-align: center;\">Hartman-Grobman Prova<\/p><p>\u00a0<\/p><h4 style=\"text-align: center;\">AULA 23<\/h4><p style=\"text-align: center;\">Prova 4 \u2013 10 Fev<\/p><p style=\"text-align: center;\">\u00a0<\/p>\t\t\t\t\t\t\t\t<\/div>\n\t\t\t\t<\/div>\n\t\t\t\t\t<\/div>\n\t\t\t\t<\/div>\n\t\t\t\t<\/div>\n\t\t","protected":false},"excerpt":{"rendered":"<p>EDO Ver\u00e3o 23 Equa\u00e7\u00f5es Diferenciais Ordin\u00e1rias Ver\u00e3o 2023 Professor: Tiago Pereira Atendimento: Ter\u00e7a-feira as 11h Sala: 3-242 Monitor:\u00a0Zheng Bian Atendimento: Quarta-feira as 10h Sala: 3-102 Bibliografia G Teschl &#8211; Ordinary Differential Equations and Dynamical Systems VI Arnold &#8211;\u00a0 Ordinary Differential Equations Augusto\u00a0 de Castro Jr &#8211; Curso de Equa\u00e7\u00f5es\u00a0 Diferenciais Ordin\u00e1rias Lista 1: Teschl Problemas [&hellip;]<\/p>\n","protected":false},"author":1,"featured_media":0,"parent":0,"menu_order":0,"comment_status":"closed","ping_status":"closed","template":"elementor_header_footer","meta":{"footnotes":""},"class_list":["post-383","page","type-page","status-publish","hentry"],"_links":{"self":[{"href":"https:\/\/cemeai.icmc.usp.br\/tiago\/wp-json\/wp\/v2\/pages\/383","targetHints":{"allow":["GET"]}}],"collection":[{"href":"https:\/\/cemeai.icmc.usp.br\/tiago\/wp-json\/wp\/v2\/pages"}],"about":[{"href":"https:\/\/cemeai.icmc.usp.br\/tiago\/wp-json\/wp\/v2\/types\/page"}],"author":[{"embeddable":true,"href":"https:\/\/cemeai.icmc.usp.br\/tiago\/wp-json\/wp\/v2\/users\/1"}],"replies":[{"embeddable":true,"href":"https:\/\/cemeai.icmc.usp.br\/tiago\/wp-json\/wp\/v2\/comments?post=383"}],"version-history":[{"count":22,"href":"https:\/\/cemeai.icmc.usp.br\/tiago\/wp-json\/wp\/v2\/pages\/383\/revisions"}],"predecessor-version":[{"id":580,"href":"https:\/\/cemeai.icmc.usp.br\/tiago\/wp-json\/wp\/v2\/pages\/383\/revisions\/580"}],"wp:attachment":[{"href":"https:\/\/cemeai.icmc.usp.br\/tiago\/wp-json\/wp\/v2\/media?parent=383"}],"curies":[{"name":"wp","href":"https:\/\/api.w.org\/{rel}","templated":true}]}}