{"id":407,"date":"2024-03-11T17:36:27","date_gmt":"2024-03-11T20:36:27","guid":{"rendered":"https:\/\/cemeai.icmc.usp.br\/tiago\/?page_id=407"},"modified":"2024-03-25T17:28:33","modified_gmt":"2024-03-25T20:28:33","slug":"sme-341","status":"publish","type":"page","link":"https:\/\/cemeai.icmc.usp.br\/tiago\/sme-341\/","title":{"rendered":"SME 341"},"content":{"rendered":"\t\t<div data-elementor-type=\"wp-page\" data-elementor-id=\"407\" class=\"elementor elementor-407\" data-elementor-post-type=\"page\">\n\t\t\t\t<div class=\"elementor-element elementor-element-35d52562 e-flex e-con-boxed e-con e-parent\" data-id=\"35d52562\" data-element_type=\"container\" data-e-type=\"container\" data-settings=\"{&quot;background_background&quot;:&quot;classic&quot;}\">\n\t\t\t\t\t<div class=\"e-con-inner\">\n\t\t\t\t<div class=\"elementor-element elementor-element-24a0b1c4 elementor-invisible elementor-widget elementor-widget-heading\" data-id=\"24a0b1c4\" data-element_type=\"widget\" data-e-type=\"widget\" data-settings=\"{&quot;_animation&quot;:&quot;fadeIn&quot;}\" data-widget_type=\"heading.default\">\n\t\t\t\t<div class=\"elementor-widget-container\">\n\t\t\t\t\t<h1 class=\"elementor-heading-title elementor-size-default\">\u00c1lgebra Linear e Equa\u00e7\u00f5es Diferenciais<\/h1>\t\t\t\t<\/div>\n\t\t\t\t<\/div>\n\t\t\t\t<div class=\"elementor-element elementor-element-8ee9d2 elementor-fixed animated-slow elementor-hidden-mobile elementor-view-default elementor-invisible elementor-widget elementor-widget-icon\" data-id=\"8ee9d2\" data-element_type=\"widget\" data-e-type=\"widget\" data-settings=\"{&quot;_position&quot;:&quot;fixed&quot;,&quot;_animation&quot;:&quot;fadeIn&quot;,&quot;_animation_delay&quot;:1800}\" data-widget_type=\"icon.default\">\n\t\t\t\t<div class=\"elementor-widget-container\">\n\t\t\t\t\t\t\t<div class=\"elementor-icon-wrapper\">\n\t\t\t<a class=\"elementor-icon elementor-animation-grow\" href=\"#elementor-action%3Aaction%3Dpopup%3Aopen%26settings%3DeyJpZCI6MTIsInRvZ2dsZSI6ZmFsc2V9\">\n\t\t\t<svg xmlns=\"http:\/\/www.w3.org\/2000\/svg\" viewBox=\"0 0 70 70\"><path fill-rule=\"evenodd\" clip-rule=\"evenodd\" d=\"M27.862 29.5h14.786c.752 0 1.362.61 1.362 1.362v.361l-8.909 3.62-8.601-3.494v-.487c0-.752.61-1.362 1.362-1.362ZM26.5 32.968v7.17c0 .752.61 1.362 1.362 1.362h14.786c.752 0 1.362-.61 1.362-1.362v-7.296l-8.627 3.505-.282.115-.282-.115-8.319-3.38ZM25 30.862A2.862 2.862 0 0 1 27.862 28h14.786a2.862 2.862 0 0 1 2.862 2.862v9.276A2.862 2.862 0 0 1 42.648 43H27.862A2.862 2.862 0 0 1 25 40.138v-9.276Z\"><\/path><\/svg>\t\t\t<\/a>\n\t\t<\/div>\n\t\t\t\t\t\t<\/div>\n\t\t\t\t<\/div>\n\t\t\t\t\t<\/div>\n\t\t\t\t<\/div>\n\t\t<div class=\"elementor-element elementor-element-12ecc26 e-flex e-con-boxed e-con e-parent\" data-id=\"12ecc26\" data-element_type=\"container\" data-e-type=\"container\">\n\t\t\t\t\t<div class=\"e-con-inner\">\n\t\t\t\t<div class=\"elementor-element elementor-element-4914a7a elementor-align-center elementor-widget__width-initial elementor-tablet-align-justify elementor-invisible elementor-widget elementor-widget-button\" data-id=\"4914a7a\" data-element_type=\"widget\" data-e-type=\"widget\" data-settings=\"{&quot;_animation&quot;:&quot;fadeIn&quot;,&quot;_animation_delay&quot;:450}\" data-widget_type=\"button.default\">\n\t\t\t\t<div class=\"elementor-widget-container\">\n\t\t\t\t\t\t\t\t\t<div class=\"elementor-button-wrapper\">\n\t\t\t\t\t<a class=\"elementor-button elementor-button-link elementor-size-sm\" href=\"https:\/\/sites.icmc.usp.br\/tiago\/index.html\/assets\/ladeira-aled-2010.pdf\" target=\"_blank\">\n\t\t\t\t\t\t<span class=\"elementor-button-content-wrapper\">\n\t\t\t\t\t\t\t\t\t<span class=\"elementor-button-text\">Apostila do Ladeira<\/span>\n\t\t\t\t\t<\/span>\n\t\t\t\t\t<\/a>\n\t\t\t\t<\/div>\n\t\t\t\t\t\t\t\t<\/div>\n\t\t\t\t<\/div>\n\t\t\t\t\t<\/div>\n\t\t\t\t<\/div>\n\t\t<div class=\"elementor-element elementor-element-6e5db55 e-flex e-con-boxed e-con e-parent\" data-id=\"6e5db55\" data-element_type=\"container\" data-e-type=\"container\">\n\t\t\t\t\t<div class=\"e-con-inner\">\n\t\t\t\t<div class=\"elementor-element elementor-element-1b09693 elementor-widget elementor-widget-text-editor\" data-id=\"1b09693\" data-element_type=\"widget\" data-e-type=\"widget\" data-widget_type=\"text-editor.default\">\n\t\t\t\t<div class=\"elementor-widget-container\">\n\t\t\t\t\t\t\t\t\t<p><strong>Atendimento: <\/strong>Ter\u00e7a 13h-14h ICMC 4-108<\/p><p><strong>Atendimento PAE:<\/strong> <span style=\"text-decoration: underline; color: #0000ff;\"><a style=\"color: #0000ff; text-decoration: underline;\" href=\"emailto:edmilson.roque.usp@gmail.com\">Edmilson Roque<\/a><\/span> &#8211; Ter\u00e7a 18:15h-19h (ICMC 5104)<\/p>\t\t\t\t\t\t\t\t<\/div>\n\t\t\t\t<\/div>\n\t\t\t\t\t<\/div>\n\t\t\t\t<\/div>\n\t\t<div class=\"elementor-element elementor-element-3028092 e-flex e-con-boxed e-con e-parent\" data-id=\"3028092\" data-element_type=\"container\" data-e-type=\"container\">\n\t\t\t\t\t<div class=\"e-con-inner\">\n\t\t\t\t<div class=\"elementor-element elementor-element-6b32b84 elementor-align-center elementor-widget__width-initial elementor-tablet-align-justify elementor-invisible elementor-widget elementor-widget-button\" data-id=\"6b32b84\" data-element_type=\"widget\" data-e-type=\"widget\" data-settings=\"{&quot;_animation&quot;:&quot;fadeIn&quot;,&quot;_animation_delay&quot;:450}\" data-widget_type=\"button.default\">\n\t\t\t\t<div class=\"elementor-widget-container\">\n\t\t\t\t\t\t\t\t\t<div class=\"elementor-button-wrapper\">\n\t\t\t\t\t<a class=\"elementor-button elementor-button-link elementor-size-sm\" href=\"https:\/\/sites.icmc.usp.br\/tiago\/index.html\/assets\/prod2019_notafinal.pdf\" target=\"_blank\">\n\t\t\t\t\t\t<span class=\"elementor-button-content-wrapper\">\n\t\t\t\t\t\t\t\t\t<span class=\"elementor-button-text\">Notas finais<\/span>\n\t\t\t\t\t<\/span>\n\t\t\t\t\t<\/a>\n\t\t\t\t<\/div>\n\t\t\t\t\t\t\t\t<\/div>\n\t\t\t\t<\/div>\n\t\t\t\t\t<\/div>\n\t\t\t\t<\/div>\n\t\t<div class=\"elementor-element elementor-element-cd0927a e-flex e-con-boxed e-con e-parent\" data-id=\"cd0927a\" data-element_type=\"container\" data-e-type=\"container\">\n\t\t\t\t\t<div class=\"e-con-inner\">\n\t\t\t\t<div class=\"elementor-element elementor-element-ee86cd3 elementor-widget elementor-widget-text-editor\" data-id=\"ee86cd3\" data-element_type=\"widget\" data-e-type=\"widget\" data-widget_type=\"text-editor.default\">\n\t\t\t\t<div class=\"elementor-widget-container\">\n\t\t\t\t\t\t\t\t\t<p><strong>Rec:<\/strong> 12 de Dezembro ICMC Sala 3-109 as 14:20-16:20<\/p>\t\t\t\t\t\t\t\t<\/div>\n\t\t\t\t<\/div>\n\t\t\t\t\t<\/div>\n\t\t\t\t<\/div>\n\t\t<div class=\"elementor-element elementor-element-511d952 e-flex e-con-boxed e-con e-parent\" data-id=\"511d952\" data-element_type=\"container\" data-e-type=\"container\">\n\t\t\t\t\t<div class=\"e-con-inner\">\n\t\t\t\t<div class=\"elementor-element elementor-element-0b011fa elementor-invisible elementor-widget elementor-widget-heading\" data-id=\"0b011fa\" data-element_type=\"widget\" data-e-type=\"widget\" data-settings=\"{&quot;_animation&quot;:&quot;fadeIn&quot;}\" data-widget_type=\"heading.default\">\n\t\t\t\t<div class=\"elementor-widget-container\">\n\t\t\t\t\t<h1 class=\"elementor-heading-title elementor-size-default\">Listas<\/h1>\t\t\t\t<\/div>\n\t\t\t\t<\/div>\n\t\t\t\t<div class=\"elementor-element elementor-element-58572e4 elementor-widget elementor-widget-text-editor\" data-id=\"58572e4\" data-element_type=\"widget\" data-e-type=\"widget\" data-widget_type=\"text-editor.default\">\n\t\t\t\t<div class=\"elementor-widget-container\">\n\t\t\t\t\t\t\t\t\t<p id=\"u1228-30\"><span style=\"text-decoration: underline; color: #0000ff;\"><a class=\"nonblock\" style=\"color: #0000ff; text-decoration: underline;\" href=\"https:\/\/sites.icmc.usp.br\/tiago\/index.html\/assets\/sme341_lista02.pdf\">Lista 0: Revis\u00e3o C\u00e1lculo<\/a><\/span><\/p><p id=\"u1228-34\"><span style=\"text-decoration: underline; color: #0000ff;\"><a class=\"nonblock\" style=\"color: #0000ff; text-decoration: underline;\" href=\"https:\/\/sites.icmc.usp.br\/tiago\/index.html\/assets\/sme341_lista12.pdf\"><span id=\"u1228-32\">Lista 1 : EDO&#8217;s Escalares<\/span><\/a><\/span><\/p><p id=\"u1228-38\"><span style=\"text-decoration: underline; color: #0000ff;\"><a class=\"nonblock\" style=\"color: #0000ff; text-decoration: underline;\" href=\"https:\/\/sites.icmc.usp.br\/tiago\/index.html\/assets\/sme341_lista2.pdf\"><span id=\"u1228-36\">Lista 2: Espa\u00e7os Vetoriais<\/span><\/a><\/span><\/p><p id=\"u1228-41\"><span id=\"u1228-40\">Lista 3: EDO&#8217;s segunda ordem<\/span><\/p><p><span style=\"text-decoration: underline; color: #0000ff;\"><span id=\"u1228-40\">Ladeira Exs. 4.7&amp; 4.8<\/span><\/span><\/p><p id=\"u1228-45\"><span style=\"text-decoration: underline; color: #0000ff;\"><a class=\"nonblock\" style=\"color: #0000ff; text-decoration: underline;\" href=\"https:\/\/sites.icmc.usp.br\/tiago\/index.html\/assets\/sme341_lista42.pdf\"><span id=\"u1228-43\">Lista 4: Operadores Lineares<\/span><\/a><\/span><\/p><p id=\"u1228-49\"><span style=\"text-decoration: underline; color: #0000ff;\"><a class=\"nonblock\" style=\"color: #0000ff; text-decoration: underline;\" href=\"https:\/\/sites.icmc.usp.br\/tiago\/index.html\/assets\/sme341_lista5.pdf\"><span id=\"u1228-47\">Lista 5: Sistemas de EDO<\/span><\/a><\/span><\/p>\t\t\t\t\t\t\t\t<\/div>\n\t\t\t\t<\/div>\n\t\t\t\t\t<\/div>\n\t\t\t\t<\/div>\n\t\t<div class=\"elementor-element elementor-element-d398093 e-flex e-con-boxed e-con e-parent\" data-id=\"d398093\" data-element_type=\"container\" data-e-type=\"container\">\n\t\t\t\t\t<div class=\"e-con-inner\">\n\t\t\t\t<div class=\"elementor-element elementor-element-671ca32 elementor-invisible elementor-widget elementor-widget-heading\" data-id=\"671ca32\" data-element_type=\"widget\" data-e-type=\"widget\" data-settings=\"{&quot;_animation&quot;:&quot;fadeIn&quot;}\" data-widget_type=\"heading.default\">\n\t\t\t\t<div class=\"elementor-widget-container\">\n\t\t\t\t\t<h1 class=\"elementor-heading-title elementor-size-default\">Datas das provas<\/h1>\t\t\t\t<\/div>\n\t\t\t\t<\/div>\n\t\t\t\t<div class=\"elementor-element elementor-element-f443688 elementor-widget elementor-widget-text-editor\" data-id=\"f443688\" data-element_type=\"widget\" data-e-type=\"widget\" data-widget_type=\"text-editor.default\">\n\t\t\t\t<div class=\"elementor-widget-container\">\n\t\t\t\t\t\t\t\t\t<p id=\"u1244-7\"><span style=\"text-decoration: underline; color: #0000ff;\"><a class=\"nonblock\" style=\"color: #0000ff; text-decoration: underline;\" href=\"https:\/\/sites.icmc.usp.br\/tiago\/index.html\/assets\/p1_sme341_2019_prod.pdf\">P1 &#8211; 13 de Setembro (Notas)<\/a><\/span><\/p><p id=\"u1244-11\"><span style=\"text-decoration: underline; color: #0000ff;\"><a class=\"nonblock\" style=\"color: #0000ff; text-decoration: underline;\" href=\"https:\/\/sites.icmc.usp.br\/tiago\/index.html\/assets\/p2_notas_prod.pdf\">P2 &#8211; 11 de Outubro<\/a><\/span><\/p><p id=\"u1244-14\">P3 &#8211; 26 de Novembro<\/p>\t\t\t\t\t\t\t\t<\/div>\n\t\t\t\t<\/div>\n\t\t\t\t\t<\/div>\n\t\t\t\t<\/div>\n\t\t<div class=\"elementor-element elementor-element-ad59e12 e-flex e-con-boxed e-con e-parent\" data-id=\"ad59e12\" data-element_type=\"container\" data-e-type=\"container\">\n\t\t\t\t\t<div class=\"e-con-inner\">\n\t\t\t\t<div class=\"elementor-element elementor-element-1837920 elementor-invisible elementor-widget elementor-widget-heading\" data-id=\"1837920\" data-element_type=\"widget\" data-e-type=\"widget\" data-settings=\"{&quot;_animation&quot;:&quot;fadeIn&quot;}\" data-widget_type=\"heading.default\">\n\t\t\t\t<div class=\"elementor-widget-container\">\n\t\t\t\t\t<h1 class=\"elementor-heading-title elementor-size-default\">Conte\u00fado<\/h1>\t\t\t\t<\/div>\n\t\t\t\t<\/div>\n\t\t\t\t<div class=\"elementor-element elementor-element-e32a38c elementor-widget elementor-widget-text-editor\" data-id=\"e32a38c\" data-element_type=\"widget\" data-e-type=\"widget\" data-widget_type=\"text-editor.default\">\n\t\t\t\t<div class=\"elementor-widget-container\">\n\t\t\t\t\t\t\t\t\t<h4 style=\"text-align: center;\"><strong>Agosto<\/strong><\/h4><p style=\"text-align: center;\">EDO&#8217;s escalares &amp; Esp Vetorial<\/p><p style=\"text-align: center;\">Caps 2 &amp; 3<\/p><p>\u00a0<\/p><h4 style=\"text-align: center;\"><strong>Setembro<\/strong><\/h4><p style=\"text-align: center;\">Base &amp; Dimens\u00e3o, EDO 2ordem<\/p><p style=\"text-align: center;\">Caps 3 &amp; 4<\/p><p>\u00a0<\/p><h4 style=\"text-align: center;\"><strong>Outubro<\/strong><\/h4><p style=\"text-align: center;\">Transforma\u00e7\u00f5es lineares<\/p><p style=\"text-align: center;\">Cap 5<\/p><p>\u00a0<\/p><h4 style=\"text-align: center;\"><strong>Novembro<\/strong><\/h4><p style=\"text-align: center;\">Sistemas de EDO&#8217;s<\/p><p style=\"text-align: center;\">Cap 6<\/p><p>\u00a0<\/p><p>\u00a0<\/p>\t\t\t\t\t\t\t\t<\/div>\n\t\t\t\t<\/div>\n\t\t\t\t\t<\/div>\n\t\t\t\t<\/div>\n\t\t<div class=\"elementor-element elementor-element-620131b e-flex e-con-boxed e-con e-parent\" data-id=\"620131b\" data-element_type=\"container\" data-e-type=\"container\">\n\t\t\t\t\t<div class=\"e-con-inner\">\n\t\t<div class=\"elementor-element elementor-element-f793164 e-flex e-con-boxed e-con e-child\" data-id=\"f793164\" data-element_type=\"container\" data-e-type=\"container\">\n\t\t\t\t\t<div class=\"e-con-inner\">\n\t\t\t\t<div class=\"elementor-element elementor-element-b869363 elementor-invisible elementor-widget elementor-widget-heading\" data-id=\"b869363\" data-element_type=\"widget\" data-e-type=\"widget\" data-settings=\"{&quot;_animation&quot;:&quot;fadeIn&quot;}\" data-widget_type=\"heading.default\">\n\t\t\t\t<div class=\"elementor-widget-container\">\n\t\t\t\t\t<h1 class=\"elementor-heading-title elementor-size-default\">M\u00e9dia<\/h1>\t\t\t\t<\/div>\n\t\t\t\t<\/div>\n\t\t\t\t<div class=\"elementor-element elementor-element-3f1bf06 elementor-widget elementor-widget-text-editor\" data-id=\"3f1bf06\" data-element_type=\"widget\" data-e-type=\"widget\" data-widget_type=\"text-editor.default\">\n\t\t\t\t<div class=\"elementor-widget-container\">\n\t\t\t\t\t\t\t\t\t<p>m\u00e9dia aritm\u00e9tica (P1+P2+P3)\/3<\/p><p>ou, se P3 \u00e9 no m\u00ednimo 5.0, m\u00e9dia aritm\u00e9tica das duas melhores notas<\/p>\t\t\t\t\t\t\t\t<\/div>\n\t\t\t\t<\/div>\n\t\t\t\t\t<\/div>\n\t\t\t\t<\/div>\n\t\t\t\t\t<\/div>\n\t\t\t\t<\/div>\n\t\t\t\t<\/div>\n\t\t","protected":false},"excerpt":{"rendered":"<p>\u00c1lgebra Linear e Equa\u00e7\u00f5es Diferenciais Apostila do Ladeira Atendimento: Ter\u00e7a 13h-14h ICMC 4-108 Atendimento PAE: Edmilson Roque &#8211; Ter\u00e7a 18:15h-19h (ICMC 5104) Notas finais Rec: 12 de Dezembro ICMC Sala 3-109 as 14:20-16:20 Listas Lista 0: Revis\u00e3o C\u00e1lculo Lista 1 : EDO&#8217;s Escalares Lista 2: Espa\u00e7os Vetoriais Lista 3: EDO&#8217;s segunda ordem Ladeira Exs. 4.7&amp; [&hellip;]<\/p>\n","protected":false},"author":1,"featured_media":0,"parent":0,"menu_order":0,"comment_status":"closed","ping_status":"closed","template":"elementor_header_footer","meta":{"footnotes":""},"class_list":["post-407","page","type-page","status-publish","hentry"],"_links":{"self":[{"href":"https:\/\/cemeai.icmc.usp.br\/tiago\/wp-json\/wp\/v2\/pages\/407","targetHints":{"allow":["GET"]}}],"collection":[{"href":"https:\/\/cemeai.icmc.usp.br\/tiago\/wp-json\/wp\/v2\/pages"}],"about":[{"href":"https:\/\/cemeai.icmc.usp.br\/tiago\/wp-json\/wp\/v2\/types\/page"}],"author":[{"embeddable":true,"href":"https:\/\/cemeai.icmc.usp.br\/tiago\/wp-json\/wp\/v2\/users\/1"}],"replies":[{"embeddable":true,"href":"https:\/\/cemeai.icmc.usp.br\/tiago\/wp-json\/wp\/v2\/comments?post=407"}],"version-history":[{"count":13,"href":"https:\/\/cemeai.icmc.usp.br\/tiago\/wp-json\/wp\/v2\/pages\/407\/revisions"}],"predecessor-version":[{"id":583,"href":"https:\/\/cemeai.icmc.usp.br\/tiago\/wp-json\/wp\/v2\/pages\/407\/revisions\/583"}],"wp:attachment":[{"href":"https:\/\/cemeai.icmc.usp.br\/tiago\/wp-json\/wp\/v2\/media?parent=407"}],"curies":[{"name":"wp","href":"https:\/\/api.w.org\/{rel}","templated":true}]}}