{"id":416,"date":"2024-03-11T17:40:21","date_gmt":"2024-03-11T20:40:21","guid":{"rendered":"https:\/\/cemeai.icmc.usp.br\/tiago\/?page_id=416"},"modified":"2024-03-20T16:52:30","modified_gmt":"2024-03-20T19:52:30","slug":"sme-0341","status":"publish","type":"page","link":"https:\/\/cemeai.icmc.usp.br\/tiago\/sme-0341\/","title":{"rendered":"SME 0341"},"content":{"rendered":"\t\t<div data-elementor-type=\"wp-page\" data-elementor-id=\"416\" class=\"elementor elementor-416\" data-elementor-post-type=\"page\">\n\t\t\t\t<div class=\"elementor-element elementor-element-35d52562 e-flex e-con-boxed e-con e-parent\" data-id=\"35d52562\" data-element_type=\"container\" data-e-type=\"container\" data-settings=\"{&quot;background_background&quot;:&quot;classic&quot;}\">\n\t\t\t\t\t<div class=\"e-con-inner\">\n\t\t\t\t<div class=\"elementor-element elementor-element-24a0b1c4 elementor-invisible elementor-widget elementor-widget-heading\" data-id=\"24a0b1c4\" data-element_type=\"widget\" data-e-type=\"widget\" data-settings=\"{&quot;_animation&quot;:&quot;fadeIn&quot;}\" data-widget_type=\"heading.default\">\n\t\t\t\t<div class=\"elementor-widget-container\">\n\t\t\t\t\t<h1 class=\"elementor-heading-title elementor-size-default\">\u00c1lgebra Linear e Equa\u00e7\u00f5es Diferenciais<\/h1>\t\t\t\t<\/div>\n\t\t\t\t<\/div>\n\t\t\t\t<div class=\"elementor-element elementor-element-9b55596 elementor-widget elementor-widget-text-editor\" data-id=\"9b55596\" data-element_type=\"widget\" data-e-type=\"widget\" data-widget_type=\"text-editor.default\">\n\t\t\t\t<div class=\"elementor-widget-container\">\n\t\t\t\t\t\t\t\t\t<p id=\"u1459-5\">Profs Paulo da Veiga &amp; Tiago Pereira<\/p>\t\t\t\t\t\t\t\t<\/div>\n\t\t\t\t<\/div>\n\t\t\t\t<div class=\"elementor-element elementor-element-8ee9d2 elementor-fixed animated-slow elementor-hidden-mobile elementor-view-default elementor-invisible elementor-widget elementor-widget-icon\" data-id=\"8ee9d2\" data-element_type=\"widget\" data-e-type=\"widget\" data-settings=\"{&quot;_position&quot;:&quot;fixed&quot;,&quot;_animation&quot;:&quot;fadeIn&quot;,&quot;_animation_delay&quot;:1800}\" data-widget_type=\"icon.default\">\n\t\t\t\t<div class=\"elementor-widget-container\">\n\t\t\t\t\t\t\t<div class=\"elementor-icon-wrapper\">\n\t\t\t<a class=\"elementor-icon elementor-animation-grow\" href=\"#elementor-action%3Aaction%3Dpopup%3Aopen%26settings%3DeyJpZCI6MTIsInRvZ2dsZSI6ZmFsc2V9\">\n\t\t\t<svg xmlns=\"http:\/\/www.w3.org\/2000\/svg\" viewBox=\"0 0 70 70\"><path fill-rule=\"evenodd\" clip-rule=\"evenodd\" d=\"M27.862 29.5h14.786c.752 0 1.362.61 1.362 1.362v.361l-8.909 3.62-8.601-3.494v-.487c0-.752.61-1.362 1.362-1.362ZM26.5 32.968v7.17c0 .752.61 1.362 1.362 1.362h14.786c.752 0 1.362-.61 1.362-1.362v-7.296l-8.627 3.505-.282.115-.282-.115-8.319-3.38ZM25 30.862A2.862 2.862 0 0 1 27.862 28h14.786a2.862 2.862 0 0 1 2.862 2.862v9.276A2.862 2.862 0 0 1 42.648 43H27.862A2.862 2.862 0 0 1 25 40.138v-9.276Z\"><\/path><\/svg>\t\t\t<\/a>\n\t\t<\/div>\n\t\t\t\t\t\t<\/div>\n\t\t\t\t<\/div>\n\t\t\t\t\t<\/div>\n\t\t\t\t<\/div>\n\t\t<div class=\"elementor-element elementor-element-12ecc26 e-flex e-con-boxed e-con e-parent\" data-id=\"12ecc26\" data-element_type=\"container\" data-e-type=\"container\">\n\t\t\t\t\t<div class=\"e-con-inner\">\n\t\t\t\t<div class=\"elementor-element elementor-element-4914a7a elementor-align-center elementor-widget__width-initial elementor-tablet-align-justify elementor-invisible elementor-widget elementor-widget-button\" data-id=\"4914a7a\" data-element_type=\"widget\" data-e-type=\"widget\" data-settings=\"{&quot;_animation&quot;:&quot;fadeIn&quot;,&quot;_animation_delay&quot;:450}\" data-widget_type=\"button.default\">\n\t\t\t\t<div class=\"elementor-widget-container\">\n\t\t\t\t\t\t\t\t\t<div class=\"elementor-button-wrapper\">\n\t\t\t\t\t<a class=\"elementor-button elementor-button-link elementor-size-sm\" href=\"https:\/\/sites.icmc.usp.br\/tiago\/index.html\/assets\/ladeira-aled-2010.pdf\" target=\"_blank\">\n\t\t\t\t\t\t<span class=\"elementor-button-content-wrapper\">\n\t\t\t\t\t\t\t\t\t<span class=\"elementor-button-text\">Apostila do Ladeira<\/span>\n\t\t\t\t\t<\/span>\n\t\t\t\t\t<\/a>\n\t\t\t\t<\/div>\n\t\t\t\t\t\t\t\t<\/div>\n\t\t\t\t<\/div>\n\t\t\t\t<div class=\"elementor-element elementor-element-ea0e688 elementor-align-center elementor-widget__width-initial elementor-tablet-align-justify elementor-invisible elementor-widget elementor-widget-button\" data-id=\"ea0e688\" data-element_type=\"widget\" data-e-type=\"widget\" data-settings=\"{&quot;_animation&quot;:&quot;fadeIn&quot;,&quot;_animation_delay&quot;:450}\" data-widget_type=\"button.default\">\n\t\t\t\t<div class=\"elementor-widget-container\">\n\t\t\t\t\t\t\t\t\t<div class=\"elementor-button-wrapper\">\n\t\t\t\t\t<a class=\"elementor-button elementor-button-link elementor-size-sm\" href=\"https:\/\/sites.icmc.usp.br\/tiago\/index.html\/assets\/sme340_lista02.pdf\" target=\"_blank\">\n\t\t\t\t\t\t<span class=\"elementor-button-content-wrapper\">\n\t\t\t\t\t\t\t\t\t<span class=\"elementor-button-text\">LIsta 0 Aquecimento para edo<\/span>\n\t\t\t\t\t<\/span>\n\t\t\t\t\t<\/a>\n\t\t\t\t<\/div>\n\t\t\t\t\t\t\t\t<\/div>\n\t\t\t\t<\/div>\n\t\t\t\t\t<\/div>\n\t\t\t\t<\/div>\n\t\t<div class=\"elementor-element elementor-element-3028092 e-flex e-con-boxed e-con e-parent\" data-id=\"3028092\" data-element_type=\"container\" data-e-type=\"container\">\n\t\t\t\t\t<div class=\"e-con-inner\">\n\t\t\t\t<div class=\"elementor-element elementor-element-6b32b84 elementor-align-center elementor-widget__width-initial elementor-tablet-align-justify elementor-invisible elementor-widget elementor-widget-button\" data-id=\"6b32b84\" data-element_type=\"widget\" data-e-type=\"widget\" data-settings=\"{&quot;_animation&quot;:&quot;fadeIn&quot;,&quot;_animation_delay&quot;:450}\" data-widget_type=\"button.default\">\n\t\t\t\t<div class=\"elementor-widget-container\">\n\t\t\t\t\t\t\t\t\t<div class=\"elementor-button-wrapper\">\n\t\t\t\t\t<a class=\"elementor-button elementor-button-link elementor-size-sm\" href=\"https:\/\/sites.icmc.usp.br\/tiago\/index.html\/assets\/notas_civil_2-20.pdf\" target=\"_blank\">\n\t\t\t\t\t\t<span class=\"elementor-button-content-wrapper\">\n\t\t\t\t\t\t\t\t\t<span class=\"elementor-button-text\">Notas finais Civil<\/span>\n\t\t\t\t\t<\/span>\n\t\t\t\t\t<\/a>\n\t\t\t\t<\/div>\n\t\t\t\t\t\t\t\t<\/div>\n\t\t\t\t<\/div>\n\t\t\t\t<div class=\"elementor-element elementor-element-1eded88 elementor-align-center elementor-widget__width-initial elementor-tablet-align-justify elementor-invisible elementor-widget elementor-widget-button\" data-id=\"1eded88\" data-element_type=\"widget\" data-e-type=\"widget\" data-settings=\"{&quot;_animation&quot;:&quot;fadeIn&quot;,&quot;_animation_delay&quot;:450}\" data-widget_type=\"button.default\">\n\t\t\t\t<div class=\"elementor-widget-container\">\n\t\t\t\t\t\t\t\t\t<div class=\"elementor-button-wrapper\">\n\t\t\t\t\t<a class=\"elementor-button elementor-button-link elementor-size-sm\" href=\"https:\/\/sites.icmc.usp.br\/tiago\/index.html\/assets\/prod_notas_2-20.pdf\" target=\"_blank\">\n\t\t\t\t\t\t<span class=\"elementor-button-content-wrapper\">\n\t\t\t\t\t\t\t\t\t<span class=\"elementor-button-text\">Notas finais Produ\u00e7\u00e3o<\/span>\n\t\t\t\t\t<\/span>\n\t\t\t\t\t<\/a>\n\t\t\t\t<\/div>\n\t\t\t\t\t\t\t\t<\/div>\n\t\t\t\t<\/div>\n\t\t\t\t\t<\/div>\n\t\t\t\t<\/div>\n\t\t<div class=\"elementor-element elementor-element-511d952 e-flex e-con-boxed e-con e-parent\" data-id=\"511d952\" data-element_type=\"container\" data-e-type=\"container\">\n\t\t\t\t\t<div class=\"e-con-inner\">\n\t\t\t\t<div class=\"elementor-element elementor-element-0b011fa elementor-invisible elementor-widget elementor-widget-heading\" data-id=\"0b011fa\" data-element_type=\"widget\" data-e-type=\"widget\" data-settings=\"{&quot;_animation&quot;:&quot;fadeIn&quot;}\" data-widget_type=\"heading.default\">\n\t\t\t\t<div class=\"elementor-widget-container\">\n\t\t\t\t\t<h1 class=\"elementor-heading-title elementor-size-default\">Modelos de prova<\/h1>\t\t\t\t<\/div>\n\t\t\t\t<\/div>\n\t\t<div class=\"elementor-element elementor-element-a10f891 e-flex e-con-boxed e-con e-child\" data-id=\"a10f891\" data-element_type=\"container\" data-e-type=\"container\">\n\t\t\t\t\t<div class=\"e-con-inner\">\n\t\t\t\t<div class=\"elementor-element elementor-element-83805a8 elementor-align-center elementor-widget__width-initial elementor-tablet-align-justify elementor-invisible elementor-widget elementor-widget-button\" data-id=\"83805a8\" data-element_type=\"widget\" data-e-type=\"widget\" data-settings=\"{&quot;_animation&quot;:&quot;fadeIn&quot;,&quot;_animation_delay&quot;:450}\" data-widget_type=\"button.default\">\n\t\t\t\t<div class=\"elementor-widget-container\">\n\t\t\t\t\t\t\t\t\t<div class=\"elementor-button-wrapper\">\n\t\t\t\t\t<a class=\"elementor-button elementor-button-link elementor-size-sm\" href=\"https:\/\/sites.icmc.usp.br\/tiago\/index.html\/assets\/p3_algelinedo_civil2017.pdf\" target=\"_blank\">\n\t\t\t\t\t\t<span class=\"elementor-button-content-wrapper\">\n\t\t\t\t\t\t\t\t\t<span class=\"elementor-button-text\">Exemplo 1<\/span>\n\t\t\t\t\t<\/span>\n\t\t\t\t\t<\/a>\n\t\t\t\t<\/div>\n\t\t\t\t\t\t\t\t<\/div>\n\t\t\t\t<\/div>\n\t\t\t\t<div class=\"elementor-element elementor-element-e180fbd elementor-align-center elementor-widget__width-initial elementor-tablet-align-justify elementor-invisible elementor-widget elementor-widget-button\" data-id=\"e180fbd\" data-element_type=\"widget\" data-e-type=\"widget\" data-settings=\"{&quot;_animation&quot;:&quot;fadeIn&quot;,&quot;_animation_delay&quot;:450}\" data-widget_type=\"button.default\">\n\t\t\t\t<div class=\"elementor-widget-container\">\n\t\t\t\t\t\t\t\t\t<div class=\"elementor-button-wrapper\">\n\t\t\t\t\t<a class=\"elementor-button elementor-button-link elementor-size-sm\" href=\"https:\/\/sites.icmc.usp.br\/tiago\/index.html\/assets\/p3_prod_corrigida.pdf\" target=\"_blank\">\n\t\t\t\t\t\t<span class=\"elementor-button-content-wrapper\">\n\t\t\t\t\t\t\t\t\t<span class=\"elementor-button-text\">Exemplo 2<\/span>\n\t\t\t\t\t<\/span>\n\t\t\t\t\t<\/a>\n\t\t\t\t<\/div>\n\t\t\t\t\t\t\t\t<\/div>\n\t\t\t\t<\/div>\n\t\t\t\t\t<\/div>\n\t\t\t\t<\/div>\n\t\t\t\t\t<\/div>\n\t\t\t\t<\/div>\n\t\t<div class=\"elementor-element elementor-element-d398093 e-flex e-con-boxed e-con e-parent\" data-id=\"d398093\" data-element_type=\"container\" data-e-type=\"container\">\n\t\t\t\t\t<div class=\"e-con-inner\">\n\t\t\t\t<div class=\"elementor-element elementor-element-671ca32 elementor-invisible elementor-widget elementor-widget-heading\" data-id=\"671ca32\" data-element_type=\"widget\" data-e-type=\"widget\" data-settings=\"{&quot;_animation&quot;:&quot;fadeIn&quot;}\" data-widget_type=\"heading.default\">\n\t\t\t\t<div class=\"elementor-widget-container\">\n\t\t\t\t\t<h1 class=\"elementor-heading-title elementor-size-default\">Parte 2 - Equa\u00e7\u00f5es Diferenciais<\/h1>\t\t\t\t<\/div>\n\t\t\t\t<\/div>\n\t\t\t\t<div class=\"elementor-element elementor-element-a20e1d7 elementor-widget elementor-widget-text-editor\" data-id=\"a20e1d7\" data-element_type=\"widget\" data-e-type=\"widget\" data-widget_type=\"text-editor.default\">\n\t\t\t\t<div class=\"elementor-widget-container\">\n\t\t\t\t\t\t\t\t\t<p id=\"u1458-18\">O que \u00e9 uma EDO?<\/p><p id=\"u1458-32\"><span style=\"text-decoration: underline; color: #0000ff;\"><a class=\"nonblock\" style=\"color: #0000ff;\" href=\"https:\/\/youtu.be\/TG2kAFnaxIk\">Youtube | <\/a><a class=\"nonblock\" style=\"color: #0000ff;\" href=\"https:\/\/sites.icmc.usp.br\/tiago\/index.html\/assets\/oqueehumaedo.pdf\">Slides<\/a> |\u00a0<a class=\"nonblock\" style=\"color: #0000ff;\" href=\"https:\/\/sites.icmc.usp.br\/tiago\/index.html\/assets\/o-que-%c3%a9-uma-edo---ladeira.pdf\">Notas de Aula | <\/a><a class=\"nonblock\" style=\"color: #0000ff;\" href=\"https:\/\/sites.icmc.usp.br\/tiago\/index.html\/assets\/oqueehedo.pdf\">Exerc\u00edcios<\/a><\/span><\/p><p id=\"u1458-35\">Exist\u00eancia e Unicidade de Solu\u00e7\u00f5es<\/p><p id=\"u1458-48\"><span style=\"text-decoration: underline; color: #0000ff;\"><a class=\"nonblock\" style=\"color: #0000ff;\" href=\"https:\/\/youtu.be\/l1zxnNa7fGE\">Youtube<\/a> |\u00a0<a class=\"nonblock\" style=\"color: #0000ff;\" href=\"https:\/\/sites.icmc.usp.br\/tiago\/index.html\/assets\/existencia.pdf\">Slides<\/a> |\u00a0<a class=\"nonblock\" style=\"color: #0000ff;\" href=\"https:\/\/sites.icmc.usp.br\/tiago\/index.html\/assets\/existencia-unicidade.pdf\">Notas de Aula<\/a> |\u00a0<a class=\"nonblock\" style=\"color: #0000ff;\" href=\"https:\/\/sites.icmc.usp.br\/tiago\/index.html\/assets\/exer_eu.pdf\">Exerc\u00edcios<\/a><\/span><\/p><p id=\"u1458-51\">EDO&#8217;s escalares lineares : Fator Integrante<\/p><p id=\"u1458-64\">\u00a0<span style=\"text-decoration: underline; color: #0000ff;\"><a class=\"nonblock\" style=\"color: #0000ff;\" href=\"https:\/\/youtu.be\/CImwe2WWTIU\">Youtube | <\/a><a class=\"nonblock\" style=\"color: #0000ff;\" href=\"https:\/\/sites.icmc.usp.br\/tiago\/index.html\/assets\/fatorintegrante_slides.pdf\">Slides<\/a> |\u00a0<a class=\"nonblock\" style=\"color: #0000ff;\" href=\"https:\/\/sites.icmc.usp.br\/tiago\/index.html\/assets\/fatorintegrante_notas.pdf\">Notas de Aula<\/a> |\u00a0<a class=\"nonblock\" style=\"color: #0000ff;\" href=\"https:\/\/sites.icmc.usp.br\/tiago\/index.html\/assets\/edo1_ordem.pdf\">Exerc\u00edcios<\/a><\/span><\/p><p id=\"u1458-67\">EDO&#8217;s escalares de Primeira Ordem<\/p><p id=\"u1458-74\">\u00a0Youtube | Slides | <span style=\"text-decoration: underline;\"><span style=\"color: #0000ff; text-decoration: underline;\"><a class=\"nonblock\" style=\"color: #0000ff; text-decoration: underline;\" href=\"https:\/\/sites.icmc.usp.br\/tiago\/index.html\/assets\/edo_1ordem.pdf\">Notas de Aula<\/a> |\u00a0<a class=\"nonblock\" style=\"color: #0000ff; text-decoration: underline;\" href=\"https:\/\/sites.icmc.usp.br\/tiago\/index.html\/assets\/edo1_ordem.pdf\">Exerc\u00edcios<\/a><\/span><\/span><\/p><p id=\"u1458-77\">\u00a0Aplica\u00e7\u00f5es: Espalhamento de Epidemias<\/p><p id=\"u1458-90\">\u00a0<span style=\"text-decoration: underline; color: #0000ff;\"><a class=\"nonblock\" style=\"color: #0000ff;\" href=\"https:\/\/youtu.be\/h5wLDT4PQ5g\">Youtube<\/a> |\u00a0<a class=\"nonblock\" style=\"color: #0000ff;\" href=\"https:\/\/sites.icmc.usp.br\/tiago\/index.html\/assets\/1ordemescalar_epidemias.pdf\">Slides<\/a> |\u00a0<a class=\"nonblock\" style=\"color: #0000ff;\" href=\"https:\/\/sites.icmc.usp.br\/tiago\/index.html\/assets\/epidemias.pdf\">Notas de Aula<\/a> |\u00a0<a class=\"nonblock\" style=\"color: #0000ff;\" href=\"https:\/\/sites.icmc.usp.br\/tiago\/index.html\/assets\/epidemias_exer.pdf\">Exerc\u00edcios<\/a><\/span><\/p><p id=\"u1458-93\">EDO&#8217;s escalares de 2\u00ba ordem homog\u00eanea<\/p><p id=\"u1458-104\"><a class=\"nonblock\" href=\"https:\/\/youtu.be\/6giUGcqwHEk\">\u00a0<span style=\"text-decoration: underline; color: #0000ff;\">Youtube<\/span><\/a><span style=\"text-decoration: underline; color: #0000ff;\"> |\u00a0<a class=\"nonblock\" style=\"color: #0000ff; text-decoration: underline;\" href=\"https:\/\/sites.icmc.usp.br\/tiago\/index.html\/assets\/edo_2ordem.pdf\">Slides<\/a> |\u00a0<a class=\"nonblock\" style=\"color: #0000ff; text-decoration: underline;\" href=\"https:\/\/sites.icmc.usp.br\/tiago\/index.html\/assets\/2ordem_linear_autonoma.pdf\">Notas de Aula<\/a> |<\/span> Exerc\u00edcios<\/p><p id=\"u1458-107\">EDO&#8217;s escalares de 2\u00ba ordem ra\u00edzes complexas<\/p><p id=\"u1458-115\"><a class=\"nonblock\" href=\"https:\/\/youtu.be\/CGxQS16Sz3Q\"><span style=\"text-decoration: underline; color: #0000ff;\">\u00a0Youtube<\/span><\/a><span style=\"text-decoration: underline; color: #0000ff;\"> |\u00a0<a class=\"nonblock\" style=\"color: #0000ff; text-decoration: underline;\" href=\"https:\/\/sites.icmc.usp.br\/tiago\/index.html\/assets\/raizescomplexas.pdf\">Slides<\/a> <\/span>| Notas de Aula | Exerc\u00edcios<\/p><p id=\"u1458-118\">EDO&#8217;s escalares de 2\u00ba ordem n\u00e3o homogenea<\/p><p id=\"u1458-131\"><span style=\"text-decoration: underline;\"><span style=\"color: #0000ff; text-decoration: underline;\">\u00a0<a class=\"nonblock\" style=\"color: #0000ff; text-decoration: underline;\" href=\"https:\/\/youtu.be\/vKfqxfD0-L4\">Youtube<\/a> |\u00a0<a class=\"nonblock\" style=\"color: #0000ff; text-decoration: underline;\" href=\"https:\/\/sites.icmc.usp.br\/tiago\/index.html\/assets\/edo2order_nh.pdf\">Slides<\/a> |\u00a0<a class=\"nonblock\" style=\"color: #0000ff; text-decoration: underline;\" href=\"https:\/\/sites.icmc.usp.br\/tiago\/index.html\/assets\/edo_nh.pdf\">Notas de Aula<\/a> |\u00a0<a class=\"nonblock\" style=\"color: #0000ff; text-decoration: underline;\" href=\"https:\/\/sites.icmc.usp.br\/tiago\/index.html\/assets\/sme340_lista2_edo_2ordem.pdf\">Exerc\u00edcios<\/a><\/span><\/span><\/p><p id=\"u1458-134\">EDO&#8217;s escalares de 2\u00ba ordem: Resson\u00e2ncia<\/p><p id=\"u1458-145\"><span style=\"text-decoration: underline;\"><span style=\"color: #0000ff; text-decoration: underline;\"><a class=\"nonblock\" style=\"color: #0000ff; text-decoration: underline;\" href=\"https:\/\/youtu.be\/oG96uoiO5o0\">\u00a0Youtube<\/a> |\u00a0<a class=\"nonblock\" style=\"color: #0000ff; text-decoration: underline;\" href=\"https:\/\/sites.icmc.usp.br\/tiago\/index.html\/assets\/ressonancia_1.pdf\">Slides<\/a> |\u00a0<a class=\"nonblock\" style=\"color: #0000ff; text-decoration: underline;\" href=\"https:\/\/sites.icmc.usp.br\/tiago\/index.html\/assets\/ressonancia.pdf\">Notas de Aula <\/a><\/span><\/span><span style=\"color: #0000ff;\">|<\/span> Exerc\u00edcios<\/p><p id=\"u1458-148\">Um sistema de Equ\u00e7\u00f5es diferenciais<\/p><p id=\"u1458-155\">\u00a0Youtube | <span style=\"color: #0000ff;\"><a class=\"nonblock\" style=\"color: #0000ff;\" href=\"https:\/\/sites.icmc.usp.br\/tiago\/index.html\/assets\/sistemas.pdf\"><span style=\"text-decoration: underline;\">Slide<\/span>s<\/a><\/span> | Notas de Aula | <span style=\"text-decoration: underline; color: #0000ff;\"><a class=\"nonblock\" style=\"color: #0000ff; text-decoration: underline;\" href=\"https:\/\/sites.icmc.usp.br\/tiago\/index.html\/assets\/sme340_lista4_2019.pdf\">Exerc\u00edcios<\/a><\/span><\/p><p id=\"u1458-158\">Exponencial de uma Matriz e Solu\u00e7\u00e3o Geral<\/p><p id=\"u1458-165\">\u00a0Youtube | <span style=\"text-decoration: underline;\"><span style=\"color: #0000ff;\"><a class=\"nonblock\" style=\"color: #0000ff; text-decoration: underline;\" href=\"https:\/\/sites.icmc.usp.br\/tiago\/index.html\/assets\/exponencialmatriz.pdf\">Slides<\/a><\/span><\/span> | Notas de Aula | <span style=\"text-decoration: underline;\"><span style=\"color: #0000ff;\"><a class=\"nonblock\" style=\"color: #0000ff; text-decoration: underline;\" href=\"https:\/\/sites.icmc.usp.br\/tiago\/index.html\/assets\/provinha6-versao3_sol.pdf\">Exerc\u00edcios<\/a><\/span><\/span><\/p><p id=\"u1458-168\">Formula da Varia\u00e7\u00e3o dos Par\u00e2metros<\/p><p id=\"u1458-170\">Youtube | Slides \u00a0| Notas de Aula | Exerc\u00edcios<\/p>\t\t\t\t\t\t\t\t<\/div>\n\t\t\t\t<\/div>\n\t\t\t\t\t<\/div>\n\t\t\t\t<\/div>\n\t\t\t\t<\/div>\n\t\t","protected":false},"excerpt":{"rendered":"<p>\u00c1lgebra Linear e Equa\u00e7\u00f5es Diferenciais Profs Paulo da Veiga &amp; Tiago Pereira Apostila do Ladeira LIsta 0 Aquecimento para edo Notas finais Civil Notas finais Produ\u00e7\u00e3o Modelos de prova Exemplo 1 Exemplo 2 Parte 2 &#8211; Equa\u00e7\u00f5es Diferenciais O que \u00e9 uma EDO? Youtube | Slides |\u00a0Notas de Aula | Exerc\u00edcios Exist\u00eancia e Unicidade de [&hellip;]<\/p>\n","protected":false},"author":1,"featured_media":0,"parent":0,"menu_order":0,"comment_status":"closed","ping_status":"closed","template":"elementor_header_footer","meta":{"footnotes":""},"class_list":["post-416","page","type-page","status-publish","hentry"],"_links":{"self":[{"href":"https:\/\/cemeai.icmc.usp.br\/tiago\/wp-json\/wp\/v2\/pages\/416","targetHints":{"allow":["GET"]}}],"collection":[{"href":"https:\/\/cemeai.icmc.usp.br\/tiago\/wp-json\/wp\/v2\/pages"}],"about":[{"href":"https:\/\/cemeai.icmc.usp.br\/tiago\/wp-json\/wp\/v2\/types\/page"}],"author":[{"embeddable":true,"href":"https:\/\/cemeai.icmc.usp.br\/tiago\/wp-json\/wp\/v2\/users\/1"}],"replies":[{"embeddable":true,"href":"https:\/\/cemeai.icmc.usp.br\/tiago\/wp-json\/wp\/v2\/comments?post=416"}],"version-history":[{"count":22,"href":"https:\/\/cemeai.icmc.usp.br\/tiago\/wp-json\/wp\/v2\/pages\/416\/revisions"}],"predecessor-version":[{"id":558,"href":"https:\/\/cemeai.icmc.usp.br\/tiago\/wp-json\/wp\/v2\/pages\/416\/revisions\/558"}],"wp:attachment":[{"href":"https:\/\/cemeai.icmc.usp.br\/tiago\/wp-json\/wp\/v2\/media?parent=416"}],"curies":[{"name":"wp","href":"https:\/\/api.w.org\/{rel}","templated":true}]}}